{"id":2101,"date":"2021-08-25T05:39:27","date_gmt":"2021-08-25T02:39:27","guid":{"rendered":"https:\/\/d3k2.ee\/tanita-monitor\/"},"modified":"2025-07-23T14:59:23","modified_gmt":"2025-07-23T11:59:23","slug":"keha-koostise-analusaator","status":"publish","type":"page","link":"https:\/\/d3k2.ee\/et\/diagnostika\/keha-koostise-analusaator\/","title":{"rendered":"Keha koostise anal\u00fcsaator"},"content":{"rendered":"\t\t<div data-elementor-type=\"wp-page\" data-elementor-id=\"2101\" class=\"elementor elementor-2101 elementor-467\">\n\t\t\t\t\t\t<section class=\"elementor-section elementor-top-section elementor-element elementor-element-c8d1405 elementor-section-boxed elementor-section-height-default elementor-section-height-default\" data-id=\"c8d1405\" data-element_type=\"section\" data-e-type=\"section\" data-settings=\"{&quot;background_background&quot;:&quot;classic&quot;}\">\n\t\t\t\t\t\t\t<div class=\"elementor-background-overlay\"><\/div>\n\t\t\t\t\t\t\t<div class=\"elementor-container elementor-column-gap-no\">\n\t\t\t\t\t<div class=\"elementor-column elementor-col-100 elementor-top-column elementor-element elementor-element-6321077\" data-id=\"6321077\" data-element_type=\"column\" data-e-type=\"column\">\n\t\t\t<div class=\"elementor-widget-wrap elementor-element-populated\">\n\t\t\t\t\t\t<div class=\"elementor-element elementor-element-946f0e7 elementor-widget elementor-widget-heading\" data-id=\"946f0e7\" data-element_type=\"widget\" data-e-type=\"widget\" data-widget_type=\"heading.default\">\n\t\t\t\t<div class=\"elementor-widget-container\">\n\t\t\t\t\t<h6 class=\"elementor-heading-title elementor-size-default\">Meie teenused<\/h6>\t\t\t\t<\/div>\n\t\t\t\t<\/div>\n\t\t\t\t<div class=\"elementor-element elementor-element-c74a706 elementor-widget elementor-widget-heading\" data-id=\"c74a706\" data-element_type=\"widget\" data-e-type=\"widget\" data-widget_type=\"heading.default\">\n\t\t\t\t<div class=\"elementor-widget-container\">\n\t\t\t\t\t<h1 class=\"elementor-heading-title elementor-size-default\">Keha koostise anal\u00fcsaator<\/h1>\t\t\t\t<\/div>\n\t\t\t\t<\/div>\n\t\t\t\t\t<\/div>\n\t\t<\/div>\n\t\t\t\t\t<\/div>\n\t\t<\/section>\n\t\t\t\t<section class=\"elementor-section elementor-top-section elementor-element elementor-element-8338eba elementor-section-boxed elementor-section-height-default elementor-section-height-default\" data-id=\"8338eba\" data-element_type=\"section\" data-e-type=\"section\" data-settings=\"{&quot;background_background&quot;:&quot;classic&quot;}\">\n\t\t\t\t\t\t<div class=\"elementor-container elementor-column-gap-no\">\n\t\t\t\t\t<div class=\"elementor-column elementor-col-100 elementor-top-column elementor-element elementor-element-0537fad\" data-id=\"0537fad\" data-element_type=\"column\" data-e-type=\"column\">\n\t\t\t<div class=\"elementor-widget-wrap elementor-element-populated\">\n\t\t\t\t\t\t<section class=\"elementor-section elementor-inner-section elementor-element elementor-element-2dab0cf elementor-section-content-middle elementor-section-boxed elementor-section-height-default elementor-section-height-default\" data-id=\"2dab0cf\" data-element_type=\"section\" data-e-type=\"section\">\n\t\t\t\t\t\t<div class=\"elementor-container elementor-column-gap-no\">\n\t\t\t\t\t<div class=\"elementor-column elementor-col-50 elementor-inner-column elementor-element elementor-element-68ec989\" data-id=\"68ec989\" data-element_type=\"column\" data-e-type=\"column\">\n\t\t\t<div class=\"elementor-widget-wrap elementor-element-populated\">\n\t\t\t\t\t\t<div class=\"elementor-element elementor-element-d95e641 elementor-widget elementor-widget-image\" data-id=\"d95e641\" data-element_type=\"widget\" data-e-type=\"widget\" data-widget_type=\"image.default\">\n\t\t\t\t<div class=\"elementor-widget-container\">\n\t\t\t\t\t\t\t\t\t\t\t\t\t\t\t<img fetchpriority=\"high\" decoding=\"async\" width=\"512\" height=\"304\" src=\"https:\/\/d3k2.ee\/wp-content\/uploads\/2025\/07\/unnamed-5.jpg\" class=\"attachment-large size-large wp-image-2488\" alt=\"\" srcset=\"https:\/\/d3k2.ee\/wp-content\/uploads\/2025\/07\/unnamed-5.jpg 512w, https:\/\/d3k2.ee\/wp-content\/uploads\/2025\/07\/unnamed-5-300x178.jpg 300w\" sizes=\"(max-width: 512px) 100vw, 512px\" \/>\t\t\t\t\t\t\t\t\t\t\t\t\t\t\t<\/div>\n\t\t\t\t<\/div>\n\t\t\t\t<div class=\"elementor-element elementor-element-d523296 elementor-widget elementor-widget-image\" data-id=\"d523296\" data-element_type=\"widget\" data-e-type=\"widget\" data-widget_type=\"image.default\">\n\t\t\t\t<div class=\"elementor-widget-container\">\n\t\t\t\t\t\t\t\t\t\t\t\t\t\t\t<img decoding=\"async\" width=\"780\" height=\"1024\" src=\"https:\/\/d3k2.ee\/wp-content\/uploads\/2025\/07\/PRO-edition-780x1024.jpg\" class=\"attachment-large size-large wp-image-2485\" alt=\"\" srcset=\"https:\/\/d3k2.ee\/wp-content\/uploads\/2025\/07\/PRO-edition-780x1024.jpg 780w, https:\/\/d3k2.ee\/wp-content\/uploads\/2025\/07\/PRO-edition-229x300.jpg 229w, https:\/\/d3k2.ee\/wp-content\/uploads\/2025\/07\/PRO-edition-768x1008.jpg 768w, https:\/\/d3k2.ee\/wp-content\/uploads\/2025\/07\/PRO-edition.jpg 800w\" sizes=\"(max-width: 780px) 100vw, 780px\" \/>\t\t\t\t\t\t\t\t\t\t\t\t\t\t\t<\/div>\n\t\t\t\t<\/div>\n\t\t\t\t\t<\/div>\n\t\t<\/div>\n\t\t\t\t<div class=\"elementor-column elementor-col-50 elementor-inner-column elementor-element elementor-element-0da0da9\" data-id=\"0da0da9\" data-element_type=\"column\" data-e-type=\"column\">\n\t\t\t<div class=\"elementor-widget-wrap elementor-element-populated\">\n\t\t\t\t\t\t<div class=\"elementor-element elementor-element-dcb8381 elementor-widget elementor-widget-heading\" data-id=\"dcb8381\" data-element_type=\"widget\" data-e-type=\"widget\" data-widget_type=\"heading.default\">\n\t\t\t\t<div class=\"elementor-widget-container\">\n\t\t\t\t\t<h3 class=\"elementor-heading-title elementor-size-default\">Vitastiq Pro anal\u00fc\u00fcsi abil saate v\u00e4\u00e4rtuslikku teavet oma organismi seisundi kohta:<\/h3>\t\t\t\t<\/div>\n\t\t\t\t<\/div>\n\t\t\t\t<div class=\"elementor-element elementor-element-0f80bf2 elementor-widget elementor-widget-text-editor\" data-id=\"0f80bf2\" data-element_type=\"widget\" data-e-type=\"widget\" data-widget_type=\"text-editor.default\">\n\t\t\t\t<div class=\"elementor-widget-container\">\n\t\t\t\t\t\t\t\t\t<ul><li data-start=\"114\" data-end=\"306\"><p data-start=\"116\" data-end=\"306\"><strong data-start=\"116\" data-end=\"163\">Oluliste vitamiinide ja mineraalainete tase<\/strong>, sealhulgas D-vitamiin, B12-vitamiin, kaltsium, magneesium, raud ja paljud teised. See aitab tuvastada v\u00f5imalikke puuduj\u00e4\u00e4ke v\u00f5i \u00fclek\u00fcllust.<\/p><\/li><li data-start=\"307\" data-end=\"432\"><p data-start=\"309\" data-end=\"432\"><strong data-start=\"309\" data-end=\"347\">Makro- ja mikroelementide tasakaal<\/strong> kehas, mis v\u00f5imaldab \u00f5igeaegselt kohandada toitumist v\u00f5i toidulisandite tarbimist.<\/p><\/li><li data-start=\"433\" data-end=\"490\"><p data-start=\"435\" data-end=\"490\"><strong data-start=\"435\" data-end=\"490\">Stressitase ning f\u00fc\u00fcsilise ja vaimse v\u00e4simuse m\u00e4\u00e4r.<\/strong><\/p><\/li><\/ul>\t\t\t\t\t\t\t\t<\/div>\n\t\t\t\t<\/div>\n\t\t\t\t<div class=\"elementor-element elementor-element-2ddd75f elementor-widget elementor-widget-heading\" data-id=\"2ddd75f\" data-element_type=\"widget\" data-e-type=\"widget\" data-widget_type=\"heading.default\">\n\t\t\t\t<div class=\"elementor-widget-container\">\n\t\t\t\t\t<h3 class=\"elementor-heading-title elementor-size-default\">Eelised<\/h3>\t\t\t\t<\/div>\n\t\t\t\t<\/div>\n\t\t\t\t<div class=\"elementor-element elementor-element-daeaaef elementor-widget elementor-widget-text-editor\" data-id=\"daeaaef\" data-element_type=\"widget\" data-e-type=\"widget\" data-widget_type=\"text-editor.default\">\n\t\t\t\t<div class=\"elementor-widget-container\">\n\t\t\t\t\t\t\t\t\t<p data-start=\"505\" data-end=\"573\">Vitastiqi peamine eelis on selle <strong data-start=\"538\" data-end=\"572\">lihtsus ja mugavus kasutamisel<\/strong>.<\/p><p data-start=\"575\" data-end=\"766\" data-is-last-node=\"\" data-is-only-node=\"\">Anal\u00fc\u00fcsi tegemiseks ei ole vaja vereproovi \u2014 piisab, kui puudutada seadmega kindlaid punkte kehal. K\u00f5ik tulemused kuvatakse koheselt nutitelefoni ekraanile spetsiaalse mobiilirakenduse kaudu.<\/p>\t\t\t\t\t\t\t\t<\/div>\n\t\t\t\t<\/div>\n\t\t\t\t\t<\/div>\n\t\t<\/div>\n\t\t\t\t\t<\/div>\n\t\t<\/section>\n\t\t\t\t\t<\/div>\n\t\t<\/div>\n\t\t\t\t\t<\/div>\n\t\t<\/section>\n\t\t\t\t<\/div>\n\t\t","protected":false},"excerpt":{"rendered":"<p>Meie teenused Keha koostise anal\u00fcsaator Vitastiq Pro anal\u00fc\u00fcsi abil saate v\u00e4\u00e4rtuslikku teavet oma organismi seisundi kohta: Oluliste vitamiinide ja mineraalainete tase, sealhulgas D-vitamiin, B12-vitamiin, kaltsium, magneesium, raud ja paljud teised. See aitab tuvastada v\u00f5imalikke puuduj\u00e4\u00e4ke v\u00f5i \u00fclek\u00fcllust. Makro- ja mikroelementide tasakaal kehas, mis v\u00f5imaldab \u00f5igeaegselt kohandada toitumist v\u00f5i toidulisandite tarbimist. Stressitase ning f\u00fc\u00fcsilise ja vaimse &hellip;<\/p>\n<p class=\"read-more\"> <a class=\"\" href=\"https:\/\/d3k2.ee\/et\/diagnostika\/keha-koostise-analusaator\/\"> <span class=\"screen-reader-text\">Keha koostise anal\u00fcsaator<\/span> Read More &raquo;<\/a><\/p>\n","protected":false},"author":1,"featured_media":0,"parent":2532,"menu_order":0,"comment_status":"closed","ping_status":"closed","template":"","meta":{"site-sidebar-layout":"no-sidebar","site-content-layout":"page-builder","ast-site-content-layout":"full-width-container","site-content-style":"unboxed","site-sidebar-style":"unboxed","ast-global-header-display":"","ast-banner-title-visibility":"","ast-main-header-display":"","ast-hfb-above-header-display":"","ast-hfb-below-header-display":"","ast-hfb-mobile-header-display":"","site-post-title":"disabled","ast-breadcrumbs-content":"disabled","ast-featured-img":"disabled","footer-sml-layout":"","theme-transparent-header-meta":"enabled","adv-header-id-meta":"","stick-header-meta":"","header-above-stick-meta":"","header-main-stick-meta":"","header-below-stick-meta":"","astra-migrate-meta-layouts":"set","footnotes":""},"class_list":["post-2101","page","type-page","status-publish","hentry"],"yoast_head":"<!-- This site is optimized with the Yoast SEO plugin v27.3 - https:\/\/yoast.com\/product\/yoast-seo-wordpress\/ -->\n<title>Keha koostise anal\u00fcsaator - D3K2 O&Uuml;<\/title>\n<meta name=\"robots\" content=\"index, follow, max-snippet:-1, max-image-preview:large, max-video-preview:-1\" \/>\n<link rel=\"canonical\" href=\"https:\/\/d3k2.ee\/et\/diagnostika\/keha-koostise-analusaator\/\" \/>\n<meta property=\"og:locale\" content=\"et_EE\" \/>\n<meta property=\"og:type\" content=\"article\" \/>\n<meta property=\"og:title\" content=\"Keha koostise anal\u00fcsaator - D3K2 O&Uuml;\" \/>\n<meta property=\"og:description\" content=\"Meie teenused Keha koostise anal\u00fcsaator Vitastiq Pro anal\u00fc\u00fcsi abil saate v\u00e4\u00e4rtuslikku teavet oma organismi seisundi kohta: Oluliste vitamiinide ja mineraalainete tase, sealhulgas D-vitamiin, B12-vitamiin, kaltsium, magneesium, raud ja paljud teised. See aitab tuvastada v\u00f5imalikke puuduj\u00e4\u00e4ke v\u00f5i \u00fclek\u00fcllust. Makro- ja mikroelementide tasakaal kehas, mis v\u00f5imaldab \u00f5igeaegselt kohandada toitumist v\u00f5i toidulisandite tarbimist. Stressitase ning f\u00fc\u00fcsilise ja vaimse &hellip; Keha koostise anal\u00fcsaator Read More &raquo;\" \/>\n<meta property=\"og:url\" content=\"https:\/\/d3k2.ee\/et\/diagnostika\/keha-koostise-analusaator\/\" \/>\n<meta property=\"og:site_name\" content=\"D3K2 O&Uuml;\" \/>\n<meta property=\"article:publisher\" content=\"https:\/\/www.facebook.com\/kabinetd3k2\" \/>\n<meta property=\"article:modified_time\" content=\"2025-07-23T11:59:23+00:00\" \/>\n<meta property=\"og:image\" content=\"https:\/\/d3k2.ee\/wp-content\/uploads\/2025\/07\/unnamed-5.jpg\" \/>\n<meta name=\"twitter:card\" content=\"summary_large_image\" \/>\n<meta name=\"twitter:label1\" content=\"Est. reading time\" \/>\n\t<meta name=\"twitter:data1\" content=\"1 minut\" \/>\n<script type=\"application\/ld+json\" class=\"yoast-schema-graph\">{\"@context\":\"https:\\\/\\\/schema.org\",\"@graph\":[{\"@type\":\"WebPage\",\"@id\":\"https:\\\/\\\/d3k2.ee\\\/et\\\/diagnostika\\\/keha-koostise-analusaator\\\/\",\"url\":\"https:\\\/\\\/d3k2.ee\\\/et\\\/diagnostika\\\/keha-koostise-analusaator\\\/\",\"name\":\"Keha koostise anal\u00fcsaator - D3K2 O&Uuml;\",\"isPartOf\":{\"@id\":\"https:\\\/\\\/d3k2.ee\\\/et\\\/#website\"},\"primaryImageOfPage\":{\"@id\":\"https:\\\/\\\/d3k2.ee\\\/et\\\/diagnostika\\\/keha-koostise-analusaator\\\/#primaryimage\"},\"image\":{\"@id\":\"https:\\\/\\\/d3k2.ee\\\/et\\\/diagnostika\\\/keha-koostise-analusaator\\\/#primaryimage\"},\"thumbnailUrl\":\"https:\\\/\\\/d3k2.ee\\\/wp-content\\\/uploads\\\/2025\\\/07\\\/unnamed-5.jpg\",\"datePublished\":\"2021-08-25T02:39:27+00:00\",\"dateModified\":\"2025-07-23T11:59:23+00:00\",\"breadcrumb\":{\"@id\":\"https:\\\/\\\/d3k2.ee\\\/et\\\/diagnostika\\\/keha-koostise-analusaator\\\/#breadcrumb\"},\"inLanguage\":\"et\",\"potentialAction\":[{\"@type\":\"ReadAction\",\"target\":[\"https:\\\/\\\/d3k2.ee\\\/et\\\/diagnostika\\\/keha-koostise-analusaator\\\/\"]}]},{\"@type\":\"ImageObject\",\"inLanguage\":\"et\",\"@id\":\"https:\\\/\\\/d3k2.ee\\\/et\\\/diagnostika\\\/keha-koostise-analusaator\\\/#primaryimage\",\"url\":\"https:\\\/\\\/d3k2.ee\\\/wp-content\\\/uploads\\\/2025\\\/07\\\/unnamed-5.jpg\",\"contentUrl\":\"https:\\\/\\\/d3k2.ee\\\/wp-content\\\/uploads\\\/2025\\\/07\\\/unnamed-5.jpg\"},{\"@type\":\"BreadcrumbList\",\"@id\":\"https:\\\/\\\/d3k2.ee\\\/et\\\/diagnostika\\\/keha-koostise-analusaator\\\/#breadcrumb\",\"itemListElement\":[{\"@type\":\"ListItem\",\"position\":1,\"name\":\"Home\",\"item\":\"https:\\\/\\\/d3k2.ee\\\/et\\\/\"},{\"@type\":\"ListItem\",\"position\":2,\"name\":\"Diagnostika\",\"item\":\"https:\\\/\\\/d3k2.ee\\\/et\\\/diagnostika\\\/\"},{\"@type\":\"ListItem\",\"position\":3,\"name\":\"Keha koostise anal\u00fcsaator\"}]},{\"@type\":\"WebSite\",\"@id\":\"https:\\\/\\\/d3k2.ee\\\/et\\\/#website\",\"url\":\"https:\\\/\\\/d3k2.ee\\\/et\\\/\",\"name\":\"D3K2 O\u00dc\",\"description\":\"Eluliste n&auml;itajate kabinet\",\"publisher\":{\"@id\":\"https:\\\/\\\/d3k2.ee\\\/et\\\/#organization\"},\"potentialAction\":[{\"@type\":\"SearchAction\",\"target\":{\"@type\":\"EntryPoint\",\"urlTemplate\":\"https:\\\/\\\/d3k2.ee\\\/et\\\/?s={search_term_string}\"},\"query-input\":{\"@type\":\"PropertyValueSpecification\",\"valueRequired\":true,\"valueName\":\"search_term_string\"}}],\"inLanguage\":\"et\"},{\"@type\":\"Organization\",\"@id\":\"https:\\\/\\\/d3k2.ee\\\/et\\\/#organization\",\"name\":\"D3K2 O\u00dc\",\"url\":\"https:\\\/\\\/d3k2.ee\\\/et\\\/\",\"logo\":{\"@type\":\"ImageObject\",\"inLanguage\":\"et\",\"@id\":\"https:\\\/\\\/d3k2.ee\\\/et\\\/#\\\/schema\\\/logo\\\/image\\\/\",\"url\":\"https:\\\/\\\/d3k2.ee\\\/wp-content\\\/uploads\\\/2023\\\/10\\\/Logo-D3K2-2-1.png\",\"contentUrl\":\"https:\\\/\\\/d3k2.ee\\\/wp-content\\\/uploads\\\/2023\\\/10\\\/Logo-D3K2-2-1.png\",\"width\":300,\"height\":299,\"caption\":\"D3K2 O\u00dc\"},\"image\":{\"@id\":\"https:\\\/\\\/d3k2.ee\\\/et\\\/#\\\/schema\\\/logo\\\/image\\\/\"},\"sameAs\":[\"https:\\\/\\\/www.facebook.com\\\/kabinetd3k2\"]}]}<\/script>\n<!-- \/ Yoast SEO plugin. -->","yoast_head_json":{"title":"Keha koostise anal\u00fcsaator - D3K2 O&Uuml;","robots":{"index":"index","follow":"follow","max-snippet":"max-snippet:-1","max-image-preview":"max-image-preview:large","max-video-preview":"max-video-preview:-1"},"canonical":"https:\/\/d3k2.ee\/et\/diagnostika\/keha-koostise-analusaator\/","og_locale":"et_EE","og_type":"article","og_title":"Keha koostise anal\u00fcsaator - D3K2 O&Uuml;","og_description":"Meie teenused Keha koostise anal\u00fcsaator Vitastiq Pro anal\u00fc\u00fcsi abil saate v\u00e4\u00e4rtuslikku teavet oma organismi seisundi kohta: Oluliste vitamiinide ja mineraalainete tase, sealhulgas D-vitamiin, B12-vitamiin, kaltsium, magneesium, raud ja paljud teised. See aitab tuvastada v\u00f5imalikke puuduj\u00e4\u00e4ke v\u00f5i \u00fclek\u00fcllust. Makro- ja mikroelementide tasakaal kehas, mis v\u00f5imaldab \u00f5igeaegselt kohandada toitumist v\u00f5i toidulisandite tarbimist. Stressitase ning f\u00fc\u00fcsilise ja vaimse &hellip; Keha koostise anal\u00fcsaator Read More &raquo;","og_url":"https:\/\/d3k2.ee\/et\/diagnostika\/keha-koostise-analusaator\/","og_site_name":"D3K2 O&Uuml;","article_publisher":"https:\/\/www.facebook.com\/kabinetd3k2","article_modified_time":"2025-07-23T11:59:23+00:00","og_image":[{"url":"https:\/\/d3k2.ee\/wp-content\/uploads\/2025\/07\/unnamed-5.jpg","type":"","width":"","height":""}],"twitter_card":"summary_large_image","twitter_misc":{"Est. reading time":"1 minut"},"schema":{"@context":"https:\/\/schema.org","@graph":[{"@type":"WebPage","@id":"https:\/\/d3k2.ee\/et\/diagnostika\/keha-koostise-analusaator\/","url":"https:\/\/d3k2.ee\/et\/diagnostika\/keha-koostise-analusaator\/","name":"Keha koostise anal\u00fcsaator - D3K2 O&Uuml;","isPartOf":{"@id":"https:\/\/d3k2.ee\/et\/#website"},"primaryImageOfPage":{"@id":"https:\/\/d3k2.ee\/et\/diagnostika\/keha-koostise-analusaator\/#primaryimage"},"image":{"@id":"https:\/\/d3k2.ee\/et\/diagnostika\/keha-koostise-analusaator\/#primaryimage"},"thumbnailUrl":"https:\/\/d3k2.ee\/wp-content\/uploads\/2025\/07\/unnamed-5.jpg","datePublished":"2021-08-25T02:39:27+00:00","dateModified":"2025-07-23T11:59:23+00:00","breadcrumb":{"@id":"https:\/\/d3k2.ee\/et\/diagnostika\/keha-koostise-analusaator\/#breadcrumb"},"inLanguage":"et","potentialAction":[{"@type":"ReadAction","target":["https:\/\/d3k2.ee\/et\/diagnostika\/keha-koostise-analusaator\/"]}]},{"@type":"ImageObject","inLanguage":"et","@id":"https:\/\/d3k2.ee\/et\/diagnostika\/keha-koostise-analusaator\/#primaryimage","url":"https:\/\/d3k2.ee\/wp-content\/uploads\/2025\/07\/unnamed-5.jpg","contentUrl":"https:\/\/d3k2.ee\/wp-content\/uploads\/2025\/07\/unnamed-5.jpg"},{"@type":"BreadcrumbList","@id":"https:\/\/d3k2.ee\/et\/diagnostika\/keha-koostise-analusaator\/#breadcrumb","itemListElement":[{"@type":"ListItem","position":1,"name":"Home","item":"https:\/\/d3k2.ee\/et\/"},{"@type":"ListItem","position":2,"name":"Diagnostika","item":"https:\/\/d3k2.ee\/et\/diagnostika\/"},{"@type":"ListItem","position":3,"name":"Keha koostise anal\u00fcsaator"}]},{"@type":"WebSite","@id":"https:\/\/d3k2.ee\/et\/#website","url":"https:\/\/d3k2.ee\/et\/","name":"D3K2 O\u00dc","description":"Eluliste n&auml;itajate kabinet","publisher":{"@id":"https:\/\/d3k2.ee\/et\/#organization"},"potentialAction":[{"@type":"SearchAction","target":{"@type":"EntryPoint","urlTemplate":"https:\/\/d3k2.ee\/et\/?s={search_term_string}"},"query-input":{"@type":"PropertyValueSpecification","valueRequired":true,"valueName":"search_term_string"}}],"inLanguage":"et"},{"@type":"Organization","@id":"https:\/\/d3k2.ee\/et\/#organization","name":"D3K2 O\u00dc","url":"https:\/\/d3k2.ee\/et\/","logo":{"@type":"ImageObject","inLanguage":"et","@id":"https:\/\/d3k2.ee\/et\/#\/schema\/logo\/image\/","url":"https:\/\/d3k2.ee\/wp-content\/uploads\/2023\/10\/Logo-D3K2-2-1.png","contentUrl":"https:\/\/d3k2.ee\/wp-content\/uploads\/2023\/10\/Logo-D3K2-2-1.png","width":300,"height":299,"caption":"D3K2 O\u00dc"},"image":{"@id":"https:\/\/d3k2.ee\/et\/#\/schema\/logo\/image\/"},"sameAs":["https:\/\/www.facebook.com\/kabinetd3k2"]}]}},"_links":{"self":[{"href":"https:\/\/d3k2.ee\/et\/wp-json\/wp\/v2\/pages\/2101","targetHints":{"allow":["GET"]}}],"collection":[{"href":"https:\/\/d3k2.ee\/et\/wp-json\/wp\/v2\/pages"}],"about":[{"href":"https:\/\/d3k2.ee\/et\/wp-json\/wp\/v2\/types\/page"}],"author":[{"embeddable":true,"href":"https:\/\/d3k2.ee\/et\/wp-json\/wp\/v2\/users\/1"}],"replies":[{"embeddable":true,"href":"https:\/\/d3k2.ee\/et\/wp-json\/wp\/v2\/comments?post=2101"}],"version-history":[{"count":30,"href":"https:\/\/d3k2.ee\/et\/wp-json\/wp\/v2\/pages\/2101\/revisions"}],"predecessor-version":[{"id":2646,"href":"https:\/\/d3k2.ee\/et\/wp-json\/wp\/v2\/pages\/2101\/revisions\/2646"}],"up":[{"embeddable":true,"href":"https:\/\/d3k2.ee\/et\/wp-json\/wp\/v2\/pages\/2532"}],"wp:attachment":[{"href":"https:\/\/d3k2.ee\/et\/wp-json\/wp\/v2\/media?parent=2101"}],"curies":[{"name":"wp","href":"https:\/\/api.w.org\/{rel}","templated":true}]}}