{"id":2196,"date":"2025-05-10T17:57:08","date_gmt":"2025-05-10T14:57:08","guid":{"rendered":"https:\/\/d3k2.ee\/diagnostika\/body-functionality-scan\/"},"modified":"2025-07-30T14:32:04","modified_gmt":"2025-07-30T11:32:04","slug":"keha-funktsionaalsuse-keha-funktsionaalsuse-skaneerimine-tanita","status":"publish","type":"page","link":"https:\/\/d3k2.ee\/et\/diagnostika\/keha-funktsionaalsuse-keha-funktsionaalsuse-skaneerimine-tanita\/","title":{"rendered":"Keha funktsionaalsuse skaneerimine"},"content":{"rendered":"\t\t<div data-elementor-type=\"wp-page\" data-elementor-id=\"2196\" class=\"elementor elementor-2196 elementor-2194\">\n\t\t\t\t\t\t<section class=\"elementor-section elementor-top-section elementor-element elementor-element-c8d1405 elementor-section-boxed elementor-section-height-default elementor-section-height-default\" data-id=\"c8d1405\" data-element_type=\"section\" data-e-type=\"section\" data-settings=\"{&quot;background_background&quot;:&quot;classic&quot;}\">\n\t\t\t\t\t\t\t<div class=\"elementor-background-overlay\"><\/div>\n\t\t\t\t\t\t\t<div class=\"elementor-container elementor-column-gap-no\">\n\t\t\t\t\t<div class=\"elementor-column elementor-col-100 elementor-top-column elementor-element elementor-element-6321077\" data-id=\"6321077\" data-element_type=\"column\" data-e-type=\"column\">\n\t\t\t<div class=\"elementor-widget-wrap elementor-element-populated\">\n\t\t\t\t\t\t<div class=\"elementor-element elementor-element-946f0e7 elementor-widget elementor-widget-heading\" data-id=\"946f0e7\" data-element_type=\"widget\" data-e-type=\"widget\" data-widget_type=\"heading.default\">\n\t\t\t\t<div class=\"elementor-widget-container\">\n\t\t\t\t\t<h6 class=\"elementor-heading-title elementor-size-default\">Meie teenused<\/h6>\t\t\t\t<\/div>\n\t\t\t\t<\/div>\n\t\t\t\t<div class=\"elementor-element elementor-element-c74a706 elementor-widget elementor-widget-heading\" data-id=\"c74a706\" data-element_type=\"widget\" data-e-type=\"widget\" data-widget_type=\"heading.default\">\n\t\t\t\t<div class=\"elementor-widget-container\">\n\t\t\t\t\t<h1 class=\"elementor-heading-title elementor-size-default\">Kehamonitor<\/h1>\t\t\t\t<\/div>\n\t\t\t\t<\/div>\n\t\t\t\t<div class=\"elementor-element elementor-element-67af5d1 elementor-widget elementor-widget-text-editor\" data-id=\"67af5d1\" data-element_type=\"widget\" data-e-type=\"widget\" data-widget_type=\"text-editor.default\">\n\t\t\t\t<div class=\"elementor-widget-container\">\n\t\t\t\t\t\t\t\t\t<p>Kehakoostise anal\u00fcsaator Tanita<\/p>\t\t\t\t\t\t\t\t<\/div>\n\t\t\t\t<\/div>\n\t\t\t\t\t<\/div>\n\t\t<\/div>\n\t\t\t\t\t<\/div>\n\t\t<\/section>\n\t\t\t\t<section class=\"elementor-section elementor-top-section elementor-element elementor-element-8338eba elementor-section-boxed elementor-section-height-default elementor-section-height-default\" data-id=\"8338eba\" data-element_type=\"section\" data-e-type=\"section\" data-settings=\"{&quot;background_background&quot;:&quot;classic&quot;}\">\n\t\t\t\t\t\t<div class=\"elementor-container elementor-column-gap-no\">\n\t\t\t\t\t<div class=\"elementor-column elementor-col-100 elementor-top-column elementor-element elementor-element-0537fad\" data-id=\"0537fad\" data-element_type=\"column\" data-e-type=\"column\">\n\t\t\t<div class=\"elementor-widget-wrap elementor-element-populated\">\n\t\t\t\t\t\t<section class=\"elementor-section elementor-inner-section elementor-element elementor-element-2dab0cf elementor-section-content-middle elementor-section-boxed elementor-section-height-default elementor-section-height-default\" data-id=\"2dab0cf\" data-element_type=\"section\" data-e-type=\"section\">\n\t\t\t\t\t\t<div class=\"elementor-container elementor-column-gap-no\">\n\t\t\t\t\t<div class=\"elementor-column elementor-col-50 elementor-inner-column elementor-element elementor-element-68ec989\" data-id=\"68ec989\" data-element_type=\"column\" data-e-type=\"column\">\n\t\t\t<div class=\"elementor-widget-wrap elementor-element-populated\">\n\t\t\t\t\t\t<div class=\"elementor-element elementor-element-d95e641 elementor-widget elementor-widget-image\" data-id=\"d95e641\" data-element_type=\"widget\" data-e-type=\"widget\" data-widget_type=\"image.default\">\n\t\t\t\t<div class=\"elementor-widget-container\">\n\t\t\t\t\t\t\t\t\t\t\t\t\t\t\t<img fetchpriority=\"high\" decoding=\"async\" width=\"600\" height=\"500\" src=\"https:\/\/d3k2.ee\/wp-content\/uploads\/2025\/07\/mc-780ma-n-wh-display_3-2.jpg\" class=\"attachment-large size-large wp-image-2663\" alt=\"\" srcset=\"https:\/\/d3k2.ee\/wp-content\/uploads\/2025\/07\/mc-780ma-n-wh-display_3-2.jpg 600w, https:\/\/d3k2.ee\/wp-content\/uploads\/2025\/07\/mc-780ma-n-wh-display_3-2-300x250.jpg 300w\" sizes=\"(max-width: 600px) 100vw, 600px\" \/>\t\t\t\t\t\t\t\t\t\t\t\t\t\t\t<\/div>\n\t\t\t\t<\/div>\n\t\t\t\t<div class=\"elementor-element elementor-element-d523296 elementor-widget elementor-widget-image\" data-id=\"d523296\" data-element_type=\"widget\" data-e-type=\"widget\" data-widget_type=\"image.default\">\n\t\t\t\t<div class=\"elementor-widget-container\">\n\t\t\t\t\t\t\t\t\t\t\t\t\t\t\t<img decoding=\"async\" width=\"600\" height=\"500\" src=\"https:\/\/d3k2.ee\/wp-content\/uploads\/2025\/07\/mc-780-n-front.jpg\" class=\"attachment-large size-large wp-image-2660\" alt=\"\" srcset=\"https:\/\/d3k2.ee\/wp-content\/uploads\/2025\/07\/mc-780-n-front.jpg 600w, https:\/\/d3k2.ee\/wp-content\/uploads\/2025\/07\/mc-780-n-front-300x250.jpg 300w\" sizes=\"(max-width: 600px) 100vw, 600px\" \/>\t\t\t\t\t\t\t\t\t\t\t\t\t\t\t<\/div>\n\t\t\t\t<\/div>\n\t\t\t\t<div class=\"elementor-element elementor-element-0041ffe elementor-widget elementor-widget-image\" data-id=\"0041ffe\" data-element_type=\"widget\" data-e-type=\"widget\" data-widget_type=\"image.default\">\n\t\t\t\t<div class=\"elementor-widget-container\">\n\t\t\t\t\t\t\t\t\t\t\t\t\t\t\t<img decoding=\"async\" width=\"600\" height=\"500\" src=\"https:\/\/d3k2.ee\/wp-content\/uploads\/2025\/07\/mc-780ma-s-wh-topview-2.jpg\" class=\"attachment-large size-large wp-image-2657\" alt=\"\" srcset=\"https:\/\/d3k2.ee\/wp-content\/uploads\/2025\/07\/mc-780ma-s-wh-topview-2.jpg 600w, https:\/\/d3k2.ee\/wp-content\/uploads\/2025\/07\/mc-780ma-s-wh-topview-2-300x250.jpg 300w\" sizes=\"(max-width: 600px) 100vw, 600px\" \/>\t\t\t\t\t\t\t\t\t\t\t\t\t\t\t<\/div>\n\t\t\t\t<\/div>\n\t\t\t\t<div class=\"elementor-element elementor-element-4302c1f elementor-widget elementor-widget-image\" data-id=\"4302c1f\" data-element_type=\"widget\" data-e-type=\"widget\" data-widget_type=\"image.default\">\n\t\t\t\t<div class=\"elementor-widget-container\">\n\t\t\t\t\t\t\t\t\t\t\t\t\t\t\t<img loading=\"lazy\" decoding=\"async\" width=\"600\" height=\"500\" src=\"https:\/\/d3k2.ee\/wp-content\/uploads\/2025\/07\/mc-780ma-s-wh-angle.jpg\" class=\"attachment-large size-large wp-image-2654\" alt=\"\" srcset=\"https:\/\/d3k2.ee\/wp-content\/uploads\/2025\/07\/mc-780ma-s-wh-angle.jpg 600w, https:\/\/d3k2.ee\/wp-content\/uploads\/2025\/07\/mc-780ma-s-wh-angle-300x250.jpg 300w\" sizes=\"(max-width: 600px) 100vw, 600px\" \/>\t\t\t\t\t\t\t\t\t\t\t\t\t\t\t<\/div>\n\t\t\t\t<\/div>\n\t\t\t\t\t<\/div>\n\t\t<\/div>\n\t\t\t\t<div class=\"elementor-column elementor-col-50 elementor-inner-column elementor-element elementor-element-0da0da9\" data-id=\"0da0da9\" data-element_type=\"column\" data-e-type=\"column\">\n\t\t\t<div class=\"elementor-widget-wrap elementor-element-populated\">\n\t\t\t\t\t\t<div class=\"elementor-element elementor-element-dcb8381 elementor-widget elementor-widget-heading\" data-id=\"dcb8381\" data-element_type=\"widget\" data-e-type=\"widget\" data-widget_type=\"heading.default\">\n\t\t\t\t<div class=\"elementor-widget-container\">\n\t\t\t\t\t<h3 class=\"elementor-heading-title elementor-size-default\">Kehamonitor Tanita - m\u00f5\u00f5da t\u00e4pselt oma kehakoostist<\/h3>\t\t\t\t<\/div>\n\t\t\t\t<\/div>\n\t\t\t\t<div class=\"elementor-element elementor-element-0f80bf2 elementor-widget elementor-widget-text-editor\" data-id=\"0f80bf2\" data-element_type=\"widget\" data-e-type=\"widget\" data-widget_type=\"text-editor.default\">\n\t\t\t\t<div class=\"elementor-widget-container\">\n\t\t\t\t\t\t\t\t\t<p><strong>Kehakoostise monitor<\/strong><\/p><p>Tutvustame uut monitoriga \u00fchendatud kahesageduslikku segmentaalset kehakoostise monitori.<\/p><p>J\u00e4lgige t\u00e4pselt lihaste ja rasva muutusi igas k\u00e4es ja jalas. Koos kogu keha n\u00e4itudega v\u00f5imaldab see monitor teil aja jooksul hinnata oma treeningprogrammi t\u00f5husust.<\/p>\t\t\t\t\t\t\t\t<\/div>\n\t\t\t\t<\/div>\n\t\t\t\t<div class=\"elementor-element elementor-element-dfee18e elementor-widget elementor-widget-text-editor\" data-id=\"dfee18e\" data-element_type=\"widget\" data-e-type=\"widget\" data-widget_type=\"text-editor.default\">\n\t\t\t\t<div class=\"elementor-widget-container\">\n\t\t\t\t\t\t\t\t\t<p><strong>Kuidas monitor t\u00f6\u00f6tab?<\/strong><\/p><p>BIA (bioelektrilise impedantsi anal\u00fc\u00fcs) meetod m\u00f5\u00f5dab keha koostist, saates l\u00e4bi keha madalaid, ohutuid elektrilisi signaale teaduslikult t\u00f5estatud t\u00e4psusega.<\/p>\t\t\t\t\t\t\t\t<\/div>\n\t\t\t\t<\/div>\n\t\t\t\t<div class=\"elementor-element elementor-element-68a6ff8 elementor-widget elementor-widget-text-editor\" data-id=\"68a6ff8\" data-element_type=\"widget\" data-e-type=\"widget\" data-widget_type=\"text-editor.default\">\n\t\t\t\t<div class=\"elementor-widget-container\">\n\t\t\t\t\t\t\t\t\t<h4><strong>Kogu keha m\u00f5\u00f5tmed<\/strong><\/h4><ul><li>Kaal<\/li><li>Kehamassiindeks (KMI)<\/li><li>Keharasv (kg)<\/li><li>Keharasv (%)<\/li><li>Vistseraalse rasva indikaator<\/li><li>Rasvamass<\/li><li>Rasvavaba mass<\/li><li>Lihasmass<\/li><li>Valk (kg)<\/li><li>Kehavee koguhulk (kg)<\/li><li>Kehavee koguhulk (%)<\/li><li>Ekstrakulaarne vesi (kg)<\/li><li>Rakusisene vesi (kg)<\/li><li>ECW\/TBW suhe<\/li><li>P\u00f5hiainevahetuse kiirus<\/li><li>Luu mineraalmassi indikaator<\/li><li>Ainevahetuse vanus<\/li><li>F\u00fc\u00fcsiline hinnang<\/li><li>Faasinurk<\/li><li>Sarkopeenia indeks<\/li><\/ul>\t\t\t\t\t\t\t\t<\/div>\n\t\t\t\t<\/div>\n\t\t\t\t<div class=\"elementor-element elementor-element-f0379a6 elementor-widget elementor-widget-text-editor\" data-id=\"f0379a6\" data-element_type=\"widget\" data-e-type=\"widget\" data-widget_type=\"text-editor.default\">\n\t\t\t\t<div class=\"elementor-widget-container\">\n\t\t\t\t\t\t\t\t\t<h4>Segmentaalsed m\u00f5\u00f5tmised<\/h4><ul><li>Segmentaalne keharasv (%)<\/li><li>Segmentaalne keharasv (kg)<\/li><li>Segmentaalse rasvajaotuse hinnang<\/li><li>Segmentaalne lihasmass (kg)<\/li><li>Segmentaalse lihasmassi hinnang<\/li><li>Segmentaalse lihasmassi tasakaal<\/li><li>Segmentaalse jalalihase skoor<\/li><li>Segmentaalne reaktants\/takistus<\/li><li>Segmentaalne faasinurk<\/li><\/ul>\t\t\t\t\t\t\t\t<\/div>\n\t\t\t\t<\/div>\n\t\t\t\t\t<\/div>\n\t\t<\/div>\n\t\t\t\t\t<\/div>\n\t\t<\/section>\n\t\t\t\t\t<\/div>\n\t\t<\/div>\n\t\t\t\t\t<\/div>\n\t\t<\/section>\n\t\t\t\t<\/div>\n\t\t","protected":false},"excerpt":{"rendered":"<p>Meie teenused Kehamonitor Kehakoostise anal\u00fcsaator Tanita Kehamonitor Tanita &#8211; m\u00f5\u00f5da t\u00e4pselt oma kehakoostist Kehakoostise monitor Tutvustame uut monitoriga \u00fchendatud kahesageduslikku segmentaalset kehakoostise monitori. J\u00e4lgige t\u00e4pselt lihaste ja rasva muutusi igas k\u00e4es ja jalas. Koos kogu keha n\u00e4itudega v\u00f5imaldab see monitor teil aja jooksul hinnata oma treeningprogrammi t\u00f5husust. Kuidas monitor t\u00f6\u00f6tab? BIA (bioelektrilise impedantsi anal\u00fc\u00fcs) meetod &hellip;<\/p>\n<p class=\"read-more\"> <a class=\"\" href=\"https:\/\/d3k2.ee\/et\/diagnostika\/keha-funktsionaalsuse-keha-funktsionaalsuse-skaneerimine-tanita\/\"> <span class=\"screen-reader-text\">Keha funktsionaalsuse skaneerimine<\/span> Read More &raquo;<\/a><\/p>\n","protected":false},"author":1,"featured_media":0,"parent":2532,"menu_order":0,"comment_status":"closed","ping_status":"closed","template":"","meta":{"site-sidebar-layout":"no-sidebar","site-content-layout":"page-builder","ast-site-content-layout":"full-width-container","site-content-style":"unboxed","site-sidebar-style":"unboxed","ast-global-header-display":"","ast-banner-title-visibility":"","ast-main-header-display":"","ast-hfb-above-header-display":"","ast-hfb-below-header-display":"","ast-hfb-mobile-header-display":"","site-post-title":"disabled","ast-breadcrumbs-content":"disabled","ast-featured-img":"disabled","footer-sml-layout":"","theme-transparent-header-meta":"enabled","adv-header-id-meta":"","stick-header-meta":"","header-above-stick-meta":"","header-main-stick-meta":"","header-below-stick-meta":"","astra-migrate-meta-layouts":"set","footnotes":""},"class_list":["post-2196","page","type-page","status-publish","hentry"],"yoast_head":"<!-- This site is optimized with the Yoast SEO plugin v27.3 - https:\/\/yoast.com\/product\/yoast-seo-wordpress\/ -->\n<title>Keha funktsionaalsuse skaneerimine - D3K2 O&Uuml;<\/title>\n<meta name=\"robots\" content=\"index, follow, max-snippet:-1, max-image-preview:large, max-video-preview:-1\" \/>\n<link rel=\"canonical\" href=\"https:\/\/d3k2.ee\/ru\/diagnostika\/skanirovanie-funktsij-organizma-tanita\/\" \/>\n<meta property=\"og:locale\" content=\"et_EE\" \/>\n<meta property=\"og:type\" content=\"article\" \/>\n<meta property=\"og:title\" content=\"Keha funktsionaalsuse skaneerimine - D3K2 O&Uuml;\" \/>\n<meta property=\"og:description\" content=\"Meie teenused Kehamonitor Kehakoostise anal\u00fcsaator Tanita Kehamonitor Tanita &#8211; m\u00f5\u00f5da t\u00e4pselt oma kehakoostist Kehakoostise monitor Tutvustame uut monitoriga \u00fchendatud kahesageduslikku segmentaalset kehakoostise monitori. J\u00e4lgige t\u00e4pselt lihaste ja rasva muutusi igas k\u00e4es ja jalas. Koos kogu keha n\u00e4itudega v\u00f5imaldab see monitor teil aja jooksul hinnata oma treeningprogrammi t\u00f5husust. Kuidas monitor t\u00f6\u00f6tab? BIA (bioelektrilise impedantsi anal\u00fc\u00fcs) meetod &hellip; Keha funktsionaalsuse skaneerimine Read More &raquo;\" \/>\n<meta property=\"og:url\" content=\"https:\/\/d3k2.ee\/ru\/diagnostika\/skanirovanie-funktsij-organizma-tanita\/\" \/>\n<meta property=\"og:site_name\" content=\"D3K2 O&Uuml;\" \/>\n<meta property=\"article:publisher\" content=\"https:\/\/www.facebook.com\/kabinetd3k2\" \/>\n<meta property=\"article:modified_time\" content=\"2025-07-30T11:32:04+00:00\" \/>\n<meta property=\"og:image\" content=\"https:\/\/d3k2.ee\/wp-content\/uploads\/2025\/07\/mc-780ma-n-wh-display_3-2.jpg\" \/>\n\t<meta property=\"og:image:width\" content=\"600\" \/>\n\t<meta property=\"og:image:height\" content=\"500\" \/>\n\t<meta property=\"og:image:type\" content=\"image\/jpeg\" \/>\n<meta name=\"twitter:card\" content=\"summary_large_image\" \/>\n<meta name=\"twitter:label1\" content=\"Est. reading time\" \/>\n\t<meta name=\"twitter:data1\" content=\"2 minutit\" \/>\n<script type=\"application\/ld+json\" class=\"yoast-schema-graph\">{\"@context\":\"https:\\\/\\\/schema.org\",\"@graph\":[{\"@type\":\"WebPage\",\"@id\":\"https:\\\/\\\/d3k2.ee\\\/ru\\\/diagnostika\\\/skanirovanie-funktsij-organizma-tanita\\\/\",\"url\":\"https:\\\/\\\/d3k2.ee\\\/ru\\\/diagnostika\\\/skanirovanie-funktsij-organizma-tanita\\\/\",\"name\":\"Keha funktsionaalsuse skaneerimine - D3K2 O&Uuml;\",\"isPartOf\":{\"@id\":\"https:\\\/\\\/d3k2.ee\\\/et\\\/#website\"},\"primaryImageOfPage\":{\"@id\":\"https:\\\/\\\/d3k2.ee\\\/ru\\\/diagnostika\\\/skanirovanie-funktsij-organizma-tanita\\\/#primaryimage\"},\"image\":{\"@id\":\"https:\\\/\\\/d3k2.ee\\\/ru\\\/diagnostika\\\/skanirovanie-funktsij-organizma-tanita\\\/#primaryimage\"},\"thumbnailUrl\":\"https:\\\/\\\/d3k2.ee\\\/wp-content\\\/uploads\\\/2025\\\/07\\\/mc-780ma-n-wh-display_3-2.jpg\",\"datePublished\":\"2025-05-10T14:57:08+00:00\",\"dateModified\":\"2025-07-30T11:32:04+00:00\",\"breadcrumb\":{\"@id\":\"https:\\\/\\\/d3k2.ee\\\/ru\\\/diagnostika\\\/skanirovanie-funktsij-organizma-tanita\\\/#breadcrumb\"},\"inLanguage\":\"et\",\"potentialAction\":[{\"@type\":\"ReadAction\",\"target\":[\"https:\\\/\\\/d3k2.ee\\\/ru\\\/diagnostika\\\/skanirovanie-funktsij-organizma-tanita\\\/\"]}]},{\"@type\":\"ImageObject\",\"inLanguage\":\"et\",\"@id\":\"https:\\\/\\\/d3k2.ee\\\/ru\\\/diagnostika\\\/skanirovanie-funktsij-organizma-tanita\\\/#primaryimage\",\"url\":\"https:\\\/\\\/d3k2.ee\\\/wp-content\\\/uploads\\\/2025\\\/07\\\/mc-780ma-n-wh-display_3-2.jpg\",\"contentUrl\":\"https:\\\/\\\/d3k2.ee\\\/wp-content\\\/uploads\\\/2025\\\/07\\\/mc-780ma-n-wh-display_3-2.jpg\"},{\"@type\":\"BreadcrumbList\",\"@id\":\"https:\\\/\\\/d3k2.ee\\\/ru\\\/diagnostika\\\/skanirovanie-funktsij-organizma-tanita\\\/#breadcrumb\",\"itemListElement\":[{\"@type\":\"ListItem\",\"position\":1,\"name\":\"Home\",\"item\":\"https:\\\/\\\/d3k2.ee\\\/et\\\/\"},{\"@type\":\"ListItem\",\"position\":2,\"name\":\"Diagnostika\",\"item\":\"https:\\\/\\\/d3k2.ee\\\/et\\\/diagnostika\\\/\"},{\"@type\":\"ListItem\",\"position\":3,\"name\":\"Keha funktsionaalsuse skaneerimine\"}]},{\"@type\":\"WebSite\",\"@id\":\"https:\\\/\\\/d3k2.ee\\\/et\\\/#website\",\"url\":\"https:\\\/\\\/d3k2.ee\\\/et\\\/\",\"name\":\"D3K2 O\u00dc\",\"description\":\"Eluliste n&auml;itajate kabinet\",\"publisher\":{\"@id\":\"https:\\\/\\\/d3k2.ee\\\/et\\\/#organization\"},\"potentialAction\":[{\"@type\":\"SearchAction\",\"target\":{\"@type\":\"EntryPoint\",\"urlTemplate\":\"https:\\\/\\\/d3k2.ee\\\/et\\\/?s={search_term_string}\"},\"query-input\":{\"@type\":\"PropertyValueSpecification\",\"valueRequired\":true,\"valueName\":\"search_term_string\"}}],\"inLanguage\":\"et\"},{\"@type\":\"Organization\",\"@id\":\"https:\\\/\\\/d3k2.ee\\\/et\\\/#organization\",\"name\":\"D3K2 O\u00dc\",\"url\":\"https:\\\/\\\/d3k2.ee\\\/et\\\/\",\"logo\":{\"@type\":\"ImageObject\",\"inLanguage\":\"et\",\"@id\":\"https:\\\/\\\/d3k2.ee\\\/et\\\/#\\\/schema\\\/logo\\\/image\\\/\",\"url\":\"https:\\\/\\\/d3k2.ee\\\/wp-content\\\/uploads\\\/2023\\\/10\\\/Logo-D3K2-2-1.png\",\"contentUrl\":\"https:\\\/\\\/d3k2.ee\\\/wp-content\\\/uploads\\\/2023\\\/10\\\/Logo-D3K2-2-1.png\",\"width\":300,\"height\":299,\"caption\":\"D3K2 O\u00dc\"},\"image\":{\"@id\":\"https:\\\/\\\/d3k2.ee\\\/et\\\/#\\\/schema\\\/logo\\\/image\\\/\"},\"sameAs\":[\"https:\\\/\\\/www.facebook.com\\\/kabinetd3k2\"]}]}<\/script>\n<!-- \/ Yoast SEO plugin. -->","yoast_head_json":{"title":"Keha funktsionaalsuse skaneerimine - D3K2 O&Uuml;","robots":{"index":"index","follow":"follow","max-snippet":"max-snippet:-1","max-image-preview":"max-image-preview:large","max-video-preview":"max-video-preview:-1"},"canonical":"https:\/\/d3k2.ee\/ru\/diagnostika\/skanirovanie-funktsij-organizma-tanita\/","og_locale":"et_EE","og_type":"article","og_title":"Keha funktsionaalsuse skaneerimine - D3K2 O&Uuml;","og_description":"Meie teenused Kehamonitor Kehakoostise anal\u00fcsaator Tanita Kehamonitor Tanita &#8211; m\u00f5\u00f5da t\u00e4pselt oma kehakoostist Kehakoostise monitor Tutvustame uut monitoriga \u00fchendatud kahesageduslikku segmentaalset kehakoostise monitori. J\u00e4lgige t\u00e4pselt lihaste ja rasva muutusi igas k\u00e4es ja jalas. Koos kogu keha n\u00e4itudega v\u00f5imaldab see monitor teil aja jooksul hinnata oma treeningprogrammi t\u00f5husust. Kuidas monitor t\u00f6\u00f6tab? BIA (bioelektrilise impedantsi anal\u00fc\u00fcs) meetod &hellip; Keha funktsionaalsuse skaneerimine Read More &raquo;","og_url":"https:\/\/d3k2.ee\/ru\/diagnostika\/skanirovanie-funktsij-organizma-tanita\/","og_site_name":"D3K2 O&Uuml;","article_publisher":"https:\/\/www.facebook.com\/kabinetd3k2","article_modified_time":"2025-07-30T11:32:04+00:00","og_image":[{"width":600,"height":500,"url":"https:\/\/d3k2.ee\/wp-content\/uploads\/2025\/07\/mc-780ma-n-wh-display_3-2.jpg","type":"image\/jpeg"}],"twitter_card":"summary_large_image","twitter_misc":{"Est. reading time":"2 minutit"},"schema":{"@context":"https:\/\/schema.org","@graph":[{"@type":"WebPage","@id":"https:\/\/d3k2.ee\/ru\/diagnostika\/skanirovanie-funktsij-organizma-tanita\/","url":"https:\/\/d3k2.ee\/ru\/diagnostika\/skanirovanie-funktsij-organizma-tanita\/","name":"Keha funktsionaalsuse skaneerimine - D3K2 O&Uuml;","isPartOf":{"@id":"https:\/\/d3k2.ee\/et\/#website"},"primaryImageOfPage":{"@id":"https:\/\/d3k2.ee\/ru\/diagnostika\/skanirovanie-funktsij-organizma-tanita\/#primaryimage"},"image":{"@id":"https:\/\/d3k2.ee\/ru\/diagnostika\/skanirovanie-funktsij-organizma-tanita\/#primaryimage"},"thumbnailUrl":"https:\/\/d3k2.ee\/wp-content\/uploads\/2025\/07\/mc-780ma-n-wh-display_3-2.jpg","datePublished":"2025-05-10T14:57:08+00:00","dateModified":"2025-07-30T11:32:04+00:00","breadcrumb":{"@id":"https:\/\/d3k2.ee\/ru\/diagnostika\/skanirovanie-funktsij-organizma-tanita\/#breadcrumb"},"inLanguage":"et","potentialAction":[{"@type":"ReadAction","target":["https:\/\/d3k2.ee\/ru\/diagnostika\/skanirovanie-funktsij-organizma-tanita\/"]}]},{"@type":"ImageObject","inLanguage":"et","@id":"https:\/\/d3k2.ee\/ru\/diagnostika\/skanirovanie-funktsij-organizma-tanita\/#primaryimage","url":"https:\/\/d3k2.ee\/wp-content\/uploads\/2025\/07\/mc-780ma-n-wh-display_3-2.jpg","contentUrl":"https:\/\/d3k2.ee\/wp-content\/uploads\/2025\/07\/mc-780ma-n-wh-display_3-2.jpg"},{"@type":"BreadcrumbList","@id":"https:\/\/d3k2.ee\/ru\/diagnostika\/skanirovanie-funktsij-organizma-tanita\/#breadcrumb","itemListElement":[{"@type":"ListItem","position":1,"name":"Home","item":"https:\/\/d3k2.ee\/et\/"},{"@type":"ListItem","position":2,"name":"Diagnostika","item":"https:\/\/d3k2.ee\/et\/diagnostika\/"},{"@type":"ListItem","position":3,"name":"Keha funktsionaalsuse skaneerimine"}]},{"@type":"WebSite","@id":"https:\/\/d3k2.ee\/et\/#website","url":"https:\/\/d3k2.ee\/et\/","name":"D3K2 O\u00dc","description":"Eluliste n&auml;itajate kabinet","publisher":{"@id":"https:\/\/d3k2.ee\/et\/#organization"},"potentialAction":[{"@type":"SearchAction","target":{"@type":"EntryPoint","urlTemplate":"https:\/\/d3k2.ee\/et\/?s={search_term_string}"},"query-input":{"@type":"PropertyValueSpecification","valueRequired":true,"valueName":"search_term_string"}}],"inLanguage":"et"},{"@type":"Organization","@id":"https:\/\/d3k2.ee\/et\/#organization","name":"D3K2 O\u00dc","url":"https:\/\/d3k2.ee\/et\/","logo":{"@type":"ImageObject","inLanguage":"et","@id":"https:\/\/d3k2.ee\/et\/#\/schema\/logo\/image\/","url":"https:\/\/d3k2.ee\/wp-content\/uploads\/2023\/10\/Logo-D3K2-2-1.png","contentUrl":"https:\/\/d3k2.ee\/wp-content\/uploads\/2023\/10\/Logo-D3K2-2-1.png","width":300,"height":299,"caption":"D3K2 O\u00dc"},"image":{"@id":"https:\/\/d3k2.ee\/et\/#\/schema\/logo\/image\/"},"sameAs":["https:\/\/www.facebook.com\/kabinetd3k2"]}]}},"_links":{"self":[{"href":"https:\/\/d3k2.ee\/et\/wp-json\/wp\/v2\/pages\/2196","targetHints":{"allow":["GET"]}}],"collection":[{"href":"https:\/\/d3k2.ee\/et\/wp-json\/wp\/v2\/pages"}],"about":[{"href":"https:\/\/d3k2.ee\/et\/wp-json\/wp\/v2\/types\/page"}],"author":[{"embeddable":true,"href":"https:\/\/d3k2.ee\/et\/wp-json\/wp\/v2\/users\/1"}],"replies":[{"embeddable":true,"href":"https:\/\/d3k2.ee\/et\/wp-json\/wp\/v2\/comments?post=2196"}],"version-history":[{"count":21,"href":"https:\/\/d3k2.ee\/et\/wp-json\/wp\/v2\/pages\/2196\/revisions"}],"predecessor-version":[{"id":2708,"href":"https:\/\/d3k2.ee\/et\/wp-json\/wp\/v2\/pages\/2196\/revisions\/2708"}],"up":[{"embeddable":true,"href":"https:\/\/d3k2.ee\/et\/wp-json\/wp\/v2\/pages\/2532"}],"wp:attachment":[{"href":"https:\/\/d3k2.ee\/et\/wp-json\/wp\/v2\/media?parent=2196"}],"curies":[{"name":"wp","href":"https:\/\/api.w.org\/{rel}","templated":true}]}}