{"id":2321,"date":"2025-07-20T17:24:35","date_gmt":"2025-07-20T14:24:35","guid":{"rendered":"https:\/\/d3k2.ee\/diagnostika\/bioresonance-diagnostics\/"},"modified":"2025-08-10T17:40:28","modified_gmt":"2025-08-10T14:40:28","slug":"bioresonantsdiagnostika","status":"publish","type":"page","link":"https:\/\/d3k2.ee\/et\/diagnostika\/bioresonantsdiagnostika\/","title":{"rendered":"Bioresonantsdiagnostika"},"content":{"rendered":"\t\t<div data-elementor-type=\"wp-page\" data-elementor-id=\"2321\" class=\"elementor elementor-2321 elementor-2302\">\n\t\t\t\t\t\t<section class=\"elementor-section elementor-top-section elementor-element elementor-element-c8d1405 elementor-section-boxed elementor-section-height-default elementor-section-height-default\" data-id=\"c8d1405\" data-element_type=\"section\" data-e-type=\"section\" data-settings=\"{&quot;background_background&quot;:&quot;classic&quot;}\">\n\t\t\t\t\t\t\t<div class=\"elementor-background-overlay\"><\/div>\n\t\t\t\t\t\t\t<div class=\"elementor-container elementor-column-gap-no\">\n\t\t\t\t\t<div class=\"elementor-column elementor-col-100 elementor-top-column elementor-element elementor-element-6321077\" data-id=\"6321077\" data-element_type=\"column\" data-e-type=\"column\">\n\t\t\t<div class=\"elementor-widget-wrap elementor-element-populated\">\n\t\t\t\t\t\t<div class=\"elementor-element elementor-element-946f0e7 elementor-widget elementor-widget-heading\" data-id=\"946f0e7\" data-element_type=\"widget\" data-e-type=\"widget\" data-widget_type=\"heading.default\">\n\t\t\t\t<div class=\"elementor-widget-container\">\n\t\t\t\t\t<h6 class=\"elementor-heading-title elementor-size-default\">Meie teenused<\/h6>\t\t\t\t<\/div>\n\t\t\t\t<\/div>\n\t\t\t\t<div class=\"elementor-element elementor-element-c74a706 elementor-widget elementor-widget-heading\" data-id=\"c74a706\" data-element_type=\"widget\" data-e-type=\"widget\" data-widget_type=\"heading.default\">\n\t\t\t\t<div class=\"elementor-widget-container\">\n\t\t\t\t\t<h1 class=\"elementor-heading-title elementor-size-default\">Bioresonantsdiagnostika<\/h1>\t\t\t\t<\/div>\n\t\t\t\t<\/div>\n\t\t\t\t\t<\/div>\n\t\t<\/div>\n\t\t\t\t\t<\/div>\n\t\t<\/section>\n\t\t\t\t<section class=\"elementor-section elementor-top-section elementor-element elementor-element-8338eba elementor-section-boxed elementor-section-height-default elementor-section-height-default\" data-id=\"8338eba\" data-element_type=\"section\" data-e-type=\"section\" data-settings=\"{&quot;background_background&quot;:&quot;classic&quot;}\">\n\t\t\t\t\t\t<div class=\"elementor-container elementor-column-gap-no\">\n\t\t\t\t\t<div class=\"elementor-column elementor-col-100 elementor-top-column elementor-element elementor-element-0537fad\" data-id=\"0537fad\" data-element_type=\"column\" data-e-type=\"column\">\n\t\t\t<div class=\"elementor-widget-wrap elementor-element-populated\">\n\t\t\t\t\t\t<section class=\"elementor-section elementor-inner-section elementor-element elementor-element-2dab0cf elementor-section-content-middle elementor-section-boxed elementor-section-height-default elementor-section-height-default\" data-id=\"2dab0cf\" data-element_type=\"section\" data-e-type=\"section\">\n\t\t\t\t\t\t<div class=\"elementor-container elementor-column-gap-no\">\n\t\t\t\t\t<div class=\"elementor-column elementor-col-50 elementor-inner-column elementor-element elementor-element-68ec989\" data-id=\"68ec989\" data-element_type=\"column\" data-e-type=\"column\">\n\t\t\t<div class=\"elementor-widget-wrap\">\n\t\t\t\t\t\t\t<\/div>\n\t\t<\/div>\n\t\t\t\t<div class=\"elementor-column elementor-col-50 elementor-inner-column elementor-element elementor-element-0da0da9\" data-id=\"0da0da9\" data-element_type=\"column\" data-e-type=\"column\">\n\t\t\t<div class=\"elementor-widget-wrap elementor-element-populated\">\n\t\t\t\t\t\t<div class=\"elementor-element elementor-element-0f80bf2 elementor-widget__width-initial elementor-widget elementor-widget-text-editor\" data-id=\"0f80bf2\" data-element_type=\"widget\" data-e-type=\"widget\" data-widget_type=\"text-editor.default\">\n\t\t\t\t<div class=\"elementor-widget-container\">\n\t\t\t\t\t\t\t\t\t<h3 data-start=\"55\" data-end=\"103\">Sageduskompensatsioon ja bioreonantsteraapia<\/h3><p data-start=\"105\" data-end=\"434\">Bioreonantsteraapia on mitteinvasiivne ravimeetod, mille k\u00e4igus inimesele ei avaldata kahjulikke v\u00e4lism\u00f5jusid. Seadmed suudavad eraldada patoloogilised sagedused ning p\u00f6\u00f6rata need 180 kraadi v\u00f5rra \u00fcmber. Kui organism v\u00f5tab need \u00fcmberp\u00f6\u00f6ratud lained vastu, aitab see kehal taastada oma loomuliku tasakaalu ja normaalset talitlust.<\/p><h3 data-start=\"436\" data-end=\"491\">Tervislikud ja patoloogilised v\u00f5nkumised meie kehas<\/h3><p data-start=\"493\" data-end=\"1022\">Inimkeha on keeruline, mitmetasandiline juhtimiss\u00fcsteem, kus infot kandvad signaalid jagunevad <strong data-start=\"588\" data-end=\"607\">harmoonilisteks<\/strong>(f\u00fcsioloogiliselt terveteks) ja <strong data-start=\"640\" data-end=\"662\">disharmoonilisteks<\/strong> (patoloogilisteks) v\u00f5nkumisteks. Patoloogilised v\u00f5nkumised viitavad olemasolevatele h\u00e4iretele organismis, kuid v\u00f5ivad ka ise esile kutsuda muutusi organites ja kudedes. Need disharmoonilised sagedused h\u00e4irivad organismi regulatsiooniprotsesse, mis viib omakorda haiguste tekkimiseni. Ravi eesm\u00e4rk on muuta need v\u00f5nkumised taas harmoonilisteks ja tervislikeks.<\/p><h3 data-start=\"1113\" data-end=\"1144\">Mis on bioreonantsteraapia?<\/h3><p data-start=\"1146\" data-end=\"1361\">Bioreonants on kaasaegne suund ravis ja ennetavas meditsiinis. See kasutab ravivahendina patsiendi enda elektromagnetilisi v\u00f5nkumisi, et uurida ja korrigeerida erinevate organite ja s\u00fcsteemide sagedus-laine omadusi.<\/p><p data-start=\"1363\" data-end=\"1630\">Seade sageduskompensatsiooniks ja bioreonantsteraapiaks neutraliseerivad organismis patoloogilisi v\u00f5nkeid. See aitab saavutada <strong data-start=\"1514\" data-end=\"1593\">energeetilise, informatsioonilise, biokeemilise ja f\u00fcsioloogilise tasakaalu<\/strong>, mis on inimese tervise p\u00f5hin\u00e4itaja.<\/p>\t\t\t\t\t\t\t\t<\/div>\n\t\t\t\t<\/div>\n\t\t\t\t\t<\/div>\n\t\t<\/div>\n\t\t\t\t\t<\/div>\n\t\t<\/section>\n\t\t\t\t\t<\/div>\n\t\t<\/div>\n\t\t\t\t\t<\/div>\n\t\t<\/section>\n\t\t\t\t<\/div>\n\t\t","protected":false},"excerpt":{"rendered":"<p>Meie teenused Bioresonantsdiagnostika Sageduskompensatsioon ja bioreonantsteraapia Bioreonantsteraapia on mitteinvasiivne ravimeetod, mille k\u00e4igus inimesele ei avaldata kahjulikke v\u00e4lism\u00f5jusid. Seadmed suudavad eraldada patoloogilised sagedused ning p\u00f6\u00f6rata need 180 kraadi v\u00f5rra \u00fcmber. Kui organism v\u00f5tab need \u00fcmberp\u00f6\u00f6ratud lained vastu, aitab see kehal taastada oma loomuliku tasakaalu ja normaalset talitlust. Tervislikud ja patoloogilised v\u00f5nkumised meie kehas Inimkeha on keeruline, &hellip;<\/p>\n<p class=\"read-more\"> <a class=\"\" href=\"https:\/\/d3k2.ee\/et\/diagnostika\/bioresonantsdiagnostika\/\"> <span class=\"screen-reader-text\">Bioresonantsdiagnostika<\/span> Read More &raquo;<\/a><\/p>\n","protected":false},"author":1,"featured_media":0,"parent":2532,"menu_order":0,"comment_status":"closed","ping_status":"closed","template":"","meta":{"site-sidebar-layout":"no-sidebar","site-content-layout":"page-builder","ast-site-content-layout":"full-width-container","site-content-style":"unboxed","site-sidebar-style":"unboxed","ast-global-header-display":"","ast-banner-title-visibility":"","ast-main-header-display":"","ast-hfb-above-header-display":"","ast-hfb-below-header-display":"","ast-hfb-mobile-header-display":"","site-post-title":"disabled","ast-breadcrumbs-content":"disabled","ast-featured-img":"disabled","footer-sml-layout":"","theme-transparent-header-meta":"enabled","adv-header-id-meta":"","stick-header-meta":"","header-above-stick-meta":"","header-main-stick-meta":"","header-below-stick-meta":"","astra-migrate-meta-layouts":"set","footnotes":""},"class_list":["post-2321","page","type-page","status-publish","hentry"],"yoast_head":"<!-- This site is optimized with the Yoast SEO plugin v27.3 - https:\/\/yoast.com\/product\/yoast-seo-wordpress\/ -->\n<title>Bioresonantsdiagnostika - D3K2 O&Uuml;<\/title>\n<meta name=\"description\" content=\"Bioreonantsteraapia on mitteinvasiivne ravimeetod, mille k\u00e4igus inimesele ei avaldata kahjulikke v\u00e4lism\u00f5jusid.Bioreonants on kaasaegne suund ravis ja ennetavas meditsiinis.\" \/>\n<meta name=\"robots\" content=\"index, follow, max-snippet:-1, max-image-preview:large, max-video-preview:-1\" \/>\n<link rel=\"canonical\" href=\"https:\/\/d3k2.ee\/et\/diagnostika\/bioresonantsdiagnostika\/\" \/>\n<meta property=\"og:locale\" content=\"et_EE\" \/>\n<meta property=\"og:type\" content=\"article\" \/>\n<meta property=\"og:title\" content=\"Bioresonantsdiagnostika - D3K2 O&Uuml;\" \/>\n<meta property=\"og:description\" content=\"Bioreonantsteraapia on mitteinvasiivne ravimeetod, mille k\u00e4igus inimesele ei avaldata kahjulikke v\u00e4lism\u00f5jusid.Bioreonants on kaasaegne suund ravis ja ennetavas meditsiinis.\" \/>\n<meta property=\"og:url\" content=\"https:\/\/d3k2.ee\/et\/diagnostika\/bioresonantsdiagnostika\/\" \/>\n<meta property=\"og:site_name\" content=\"D3K2 O&Uuml;\" \/>\n<meta property=\"article:publisher\" content=\"https:\/\/www.facebook.com\/kabinetd3k2\" \/>\n<meta property=\"article:modified_time\" content=\"2025-08-10T14:40:28+00:00\" \/>\n<meta name=\"twitter:card\" content=\"summary_large_image\" \/>\n<meta name=\"twitter:label1\" content=\"Est. reading time\" \/>\n\t<meta name=\"twitter:data1\" content=\"1 minut\" \/>\n<script type=\"application\/ld+json\" class=\"yoast-schema-graph\">{\"@context\":\"https:\\\/\\\/schema.org\",\"@graph\":[{\"@type\":\"WebPage\",\"@id\":\"https:\\\/\\\/d3k2.ee\\\/et\\\/diagnostika\\\/bioresonantsdiagnostika\\\/\",\"url\":\"https:\\\/\\\/d3k2.ee\\\/et\\\/diagnostika\\\/bioresonantsdiagnostika\\\/\",\"name\":\"Bioresonantsdiagnostika - D3K2 O&Uuml;\",\"isPartOf\":{\"@id\":\"https:\\\/\\\/d3k2.ee\\\/et\\\/#website\"},\"datePublished\":\"2025-07-20T14:24:35+00:00\",\"dateModified\":\"2025-08-10T14:40:28+00:00\",\"description\":\"Bioreonantsteraapia on mitteinvasiivne ravimeetod, mille k\u00e4igus inimesele ei avaldata kahjulikke v\u00e4lism\u00f5jusid.Bioreonants on kaasaegne suund ravis ja ennetavas meditsiinis.\",\"breadcrumb\":{\"@id\":\"https:\\\/\\\/d3k2.ee\\\/et\\\/diagnostika\\\/bioresonantsdiagnostika\\\/#breadcrumb\"},\"inLanguage\":\"et\",\"potentialAction\":[{\"@type\":\"ReadAction\",\"target\":[\"https:\\\/\\\/d3k2.ee\\\/et\\\/diagnostika\\\/bioresonantsdiagnostika\\\/\"]}]},{\"@type\":\"BreadcrumbList\",\"@id\":\"https:\\\/\\\/d3k2.ee\\\/et\\\/diagnostika\\\/bioresonantsdiagnostika\\\/#breadcrumb\",\"itemListElement\":[{\"@type\":\"ListItem\",\"position\":1,\"name\":\"Home\",\"item\":\"https:\\\/\\\/d3k2.ee\\\/et\\\/\"},{\"@type\":\"ListItem\",\"position\":2,\"name\":\"Diagnostika\",\"item\":\"https:\\\/\\\/d3k2.ee\\\/et\\\/diagnostika\\\/\"},{\"@type\":\"ListItem\",\"position\":3,\"name\":\"Bioresonantsdiagnostika\"}]},{\"@type\":\"WebSite\",\"@id\":\"https:\\\/\\\/d3k2.ee\\\/et\\\/#website\",\"url\":\"https:\\\/\\\/d3k2.ee\\\/et\\\/\",\"name\":\"D3K2 O\u00dc\",\"description\":\"Eluliste n&auml;itajate kabinet\",\"publisher\":{\"@id\":\"https:\\\/\\\/d3k2.ee\\\/et\\\/#organization\"},\"potentialAction\":[{\"@type\":\"SearchAction\",\"target\":{\"@type\":\"EntryPoint\",\"urlTemplate\":\"https:\\\/\\\/d3k2.ee\\\/et\\\/?s={search_term_string}\"},\"query-input\":{\"@type\":\"PropertyValueSpecification\",\"valueRequired\":true,\"valueName\":\"search_term_string\"}}],\"inLanguage\":\"et\"},{\"@type\":\"Organization\",\"@id\":\"https:\\\/\\\/d3k2.ee\\\/et\\\/#organization\",\"name\":\"D3K2 O\u00dc\",\"url\":\"https:\\\/\\\/d3k2.ee\\\/et\\\/\",\"logo\":{\"@type\":\"ImageObject\",\"inLanguage\":\"et\",\"@id\":\"https:\\\/\\\/d3k2.ee\\\/et\\\/#\\\/schema\\\/logo\\\/image\\\/\",\"url\":\"https:\\\/\\\/d3k2.ee\\\/wp-content\\\/uploads\\\/2023\\\/10\\\/Logo-D3K2-2-1.png\",\"contentUrl\":\"https:\\\/\\\/d3k2.ee\\\/wp-content\\\/uploads\\\/2023\\\/10\\\/Logo-D3K2-2-1.png\",\"width\":300,\"height\":299,\"caption\":\"D3K2 O\u00dc\"},\"image\":{\"@id\":\"https:\\\/\\\/d3k2.ee\\\/et\\\/#\\\/schema\\\/logo\\\/image\\\/\"},\"sameAs\":[\"https:\\\/\\\/www.facebook.com\\\/kabinetd3k2\"]}]}<\/script>\n<!-- \/ Yoast SEO plugin. -->","yoast_head_json":{"title":"Bioresonantsdiagnostika - D3K2 O&Uuml;","description":"Bioreonantsteraapia on mitteinvasiivne ravimeetod, mille k\u00e4igus inimesele ei avaldata kahjulikke v\u00e4lism\u00f5jusid.Bioreonants on kaasaegne suund ravis ja ennetavas meditsiinis.","robots":{"index":"index","follow":"follow","max-snippet":"max-snippet:-1","max-image-preview":"max-image-preview:large","max-video-preview":"max-video-preview:-1"},"canonical":"https:\/\/d3k2.ee\/et\/diagnostika\/bioresonantsdiagnostika\/","og_locale":"et_EE","og_type":"article","og_title":"Bioresonantsdiagnostika - D3K2 O&Uuml;","og_description":"Bioreonantsteraapia on mitteinvasiivne ravimeetod, mille k\u00e4igus inimesele ei avaldata kahjulikke v\u00e4lism\u00f5jusid.Bioreonants on kaasaegne suund ravis ja ennetavas meditsiinis.","og_url":"https:\/\/d3k2.ee\/et\/diagnostika\/bioresonantsdiagnostika\/","og_site_name":"D3K2 O&Uuml;","article_publisher":"https:\/\/www.facebook.com\/kabinetd3k2","article_modified_time":"2025-08-10T14:40:28+00:00","twitter_card":"summary_large_image","twitter_misc":{"Est. reading time":"1 minut"},"schema":{"@context":"https:\/\/schema.org","@graph":[{"@type":"WebPage","@id":"https:\/\/d3k2.ee\/et\/diagnostika\/bioresonantsdiagnostika\/","url":"https:\/\/d3k2.ee\/et\/diagnostika\/bioresonantsdiagnostika\/","name":"Bioresonantsdiagnostika - D3K2 O&Uuml;","isPartOf":{"@id":"https:\/\/d3k2.ee\/et\/#website"},"datePublished":"2025-07-20T14:24:35+00:00","dateModified":"2025-08-10T14:40:28+00:00","description":"Bioreonantsteraapia on mitteinvasiivne ravimeetod, mille k\u00e4igus inimesele ei avaldata kahjulikke v\u00e4lism\u00f5jusid.Bioreonants on kaasaegne suund ravis ja ennetavas meditsiinis.","breadcrumb":{"@id":"https:\/\/d3k2.ee\/et\/diagnostika\/bioresonantsdiagnostika\/#breadcrumb"},"inLanguage":"et","potentialAction":[{"@type":"ReadAction","target":["https:\/\/d3k2.ee\/et\/diagnostika\/bioresonantsdiagnostika\/"]}]},{"@type":"BreadcrumbList","@id":"https:\/\/d3k2.ee\/et\/diagnostika\/bioresonantsdiagnostika\/#breadcrumb","itemListElement":[{"@type":"ListItem","position":1,"name":"Home","item":"https:\/\/d3k2.ee\/et\/"},{"@type":"ListItem","position":2,"name":"Diagnostika","item":"https:\/\/d3k2.ee\/et\/diagnostika\/"},{"@type":"ListItem","position":3,"name":"Bioresonantsdiagnostika"}]},{"@type":"WebSite","@id":"https:\/\/d3k2.ee\/et\/#website","url":"https:\/\/d3k2.ee\/et\/","name":"D3K2 O\u00dc","description":"Eluliste n&auml;itajate kabinet","publisher":{"@id":"https:\/\/d3k2.ee\/et\/#organization"},"potentialAction":[{"@type":"SearchAction","target":{"@type":"EntryPoint","urlTemplate":"https:\/\/d3k2.ee\/et\/?s={search_term_string}"},"query-input":{"@type":"PropertyValueSpecification","valueRequired":true,"valueName":"search_term_string"}}],"inLanguage":"et"},{"@type":"Organization","@id":"https:\/\/d3k2.ee\/et\/#organization","name":"D3K2 O\u00dc","url":"https:\/\/d3k2.ee\/et\/","logo":{"@type":"ImageObject","inLanguage":"et","@id":"https:\/\/d3k2.ee\/et\/#\/schema\/logo\/image\/","url":"https:\/\/d3k2.ee\/wp-content\/uploads\/2023\/10\/Logo-D3K2-2-1.png","contentUrl":"https:\/\/d3k2.ee\/wp-content\/uploads\/2023\/10\/Logo-D3K2-2-1.png","width":300,"height":299,"caption":"D3K2 O\u00dc"},"image":{"@id":"https:\/\/d3k2.ee\/et\/#\/schema\/logo\/image\/"},"sameAs":["https:\/\/www.facebook.com\/kabinetd3k2"]}]}},"_links":{"self":[{"href":"https:\/\/d3k2.ee\/et\/wp-json\/wp\/v2\/pages\/2321","targetHints":{"allow":["GET"]}}],"collection":[{"href":"https:\/\/d3k2.ee\/et\/wp-json\/wp\/v2\/pages"}],"about":[{"href":"https:\/\/d3k2.ee\/et\/wp-json\/wp\/v2\/types\/page"}],"author":[{"embeddable":true,"href":"https:\/\/d3k2.ee\/et\/wp-json\/wp\/v2\/users\/1"}],"replies":[{"embeddable":true,"href":"https:\/\/d3k2.ee\/et\/wp-json\/wp\/v2\/comments?post=2321"}],"version-history":[{"count":29,"href":"https:\/\/d3k2.ee\/et\/wp-json\/wp\/v2\/pages\/2321\/revisions"}],"predecessor-version":[{"id":2718,"href":"https:\/\/d3k2.ee\/et\/wp-json\/wp\/v2\/pages\/2321\/revisions\/2718"}],"up":[{"embeddable":true,"href":"https:\/\/d3k2.ee\/et\/wp-json\/wp\/v2\/pages\/2532"}],"wp:attachment":[{"href":"https:\/\/d3k2.ee\/et\/wp-json\/wp\/v2\/media?parent=2321"}],"curies":[{"name":"wp","href":"https:\/\/api.w.org\/{rel}","templated":true}]}}