{"id":2532,"date":"2024-07-29T17:15:08","date_gmt":"2024-07-29T14:15:08","guid":{"rendered":"https:\/\/d3k2.ee\/diagnostics\/"},"modified":"2025-07-22T18:09:27","modified_gmt":"2025-07-22T15:09:27","slug":"diagnostika","status":"publish","type":"page","link":"https:\/\/d3k2.ee\/et\/diagnostika\/","title":{"rendered":"Diagnostika"},"content":{"rendered":"\t\t<div data-elementor-type=\"wp-page\" data-elementor-id=\"2532\" class=\"elementor elementor-2532 elementor-1702\">\n\t\t\t\t\t\t<section class=\"elementor-section elementor-top-section elementor-element elementor-element-c8d1405 elementor-section-boxed elementor-section-height-default elementor-section-height-default\" data-id=\"c8d1405\" data-element_type=\"section\" data-e-type=\"section\" data-settings=\"{&quot;background_background&quot;:&quot;classic&quot;}\">\n\t\t\t\t\t\t\t<div class=\"elementor-background-overlay\"><\/div>\n\t\t\t\t\t\t\t<div class=\"elementor-container elementor-column-gap-no\">\n\t\t\t\t\t<div class=\"elementor-column elementor-col-100 elementor-top-column elementor-element elementor-element-6321077\" data-id=\"6321077\" data-element_type=\"column\" data-e-type=\"column\">\n\t\t\t<div class=\"elementor-widget-wrap elementor-element-populated\">\n\t\t\t\t\t\t<div class=\"elementor-element elementor-element-946f0e7 elementor-widget elementor-widget-heading\" data-id=\"946f0e7\" data-element_type=\"widget\" data-e-type=\"widget\" data-widget_type=\"heading.default\">\n\t\t\t\t<div class=\"elementor-widget-container\">\n\t\t\t\t\t<h6 class=\"elementor-heading-title elementor-size-default\">Meie teenused<\/h6>\t\t\t\t<\/div>\n\t\t\t\t<\/div>\n\t\t\t\t<div class=\"elementor-element elementor-element-c74a706 elementor-widget elementor-widget-heading\" data-id=\"c74a706\" data-element_type=\"widget\" data-e-type=\"widget\" data-widget_type=\"heading.default\">\n\t\t\t\t<div class=\"elementor-widget-container\">\n\t\t\t\t\t<h1 class=\"elementor-heading-title elementor-size-default\">Diagnostika<\/h1>\t\t\t\t<\/div>\n\t\t\t\t<\/div>\n\t\t\t\t<div class=\"elementor-element elementor-element-67af5d1 elementor-widget elementor-widget-text-editor\" data-id=\"67af5d1\" data-element_type=\"widget\" data-e-type=\"widget\" data-widget_type=\"text-editor.default\">\n\t\t\t\t<div class=\"elementor-widget-container\">\n\t\t\t\t\t\t\t\t\t<p>Keha seisundi diagnoosimine ja j\u00e4lgimine<\/p>\t\t\t\t\t\t\t\t<\/div>\n\t\t\t\t<\/div>\n\t\t\t\t\t<\/div>\n\t\t<\/div>\n\t\t\t\t\t<\/div>\n\t\t<\/section>\n\t\t\t\t<section class=\"elementor-section elementor-top-section elementor-element elementor-element-8338eba elementor-section-boxed elementor-section-height-default elementor-section-height-default\" data-id=\"8338eba\" data-element_type=\"section\" data-e-type=\"section\" data-settings=\"{&quot;background_background&quot;:&quot;classic&quot;}\">\n\t\t\t\t\t\t<div class=\"elementor-container elementor-column-gap-no\">\n\t\t\t\t\t<div class=\"elementor-column elementor-col-100 elementor-top-column elementor-element elementor-element-0537fad\" data-id=\"0537fad\" data-element_type=\"column\" data-e-type=\"column\">\n\t\t\t<div class=\"elementor-widget-wrap elementor-element-populated\">\n\t\t\t\t\t\t<section class=\"elementor-section elementor-inner-section elementor-element elementor-element-2dab0cf elementor-section-content-middle elementor-section-boxed elementor-section-height-default elementor-section-height-default\" data-id=\"2dab0cf\" data-element_type=\"section\" data-e-type=\"section\">\n\t\t\t\t\t\t<div class=\"elementor-container elementor-column-gap-no\">\n\t\t\t\t\t<div class=\"elementor-column elementor-col-50 elementor-inner-column elementor-element elementor-element-68ec989\" data-id=\"68ec989\" data-element_type=\"column\" data-e-type=\"column\">\n\t\t\t<div class=\"elementor-widget-wrap elementor-element-populated\">\n\t\t\t\t\t\t<div class=\"elementor-element elementor-element-d95e641 elementor-widget elementor-widget-image\" data-id=\"d95e641\" data-element_type=\"widget\" data-e-type=\"widget\" data-widget_type=\"image.default\">\n\t\t\t\t<div class=\"elementor-widget-container\">\n\t\t\t\t\t\t\t\t\t\t\t\t\t\t\t<img fetchpriority=\"high\" decoding=\"async\" width=\"1024\" height=\"997\" src=\"https:\/\/d3k2.ee\/wp-content\/uploads\/2024\/07\/tanita-3-1024x997.jpg\" class=\"attachment-large size-large wp-image-1641\" alt=\"\" srcset=\"https:\/\/d3k2.ee\/wp-content\/uploads\/2024\/07\/tanita-3-1024x997.jpg 1024w, https:\/\/d3k2.ee\/wp-content\/uploads\/2024\/07\/tanita-3-300x292.jpg 300w, https:\/\/d3k2.ee\/wp-content\/uploads\/2024\/07\/tanita-3-768x747.jpg 768w, https:\/\/d3k2.ee\/wp-content\/uploads\/2024\/07\/tanita-3.jpg 1080w\" sizes=\"(max-width: 1024px) 100vw, 1024px\" \/>\t\t\t\t\t\t\t\t\t\t\t\t\t\t\t<\/div>\n\t\t\t\t<\/div>\n\t\t\t\t\t<\/div>\n\t\t<\/div>\n\t\t\t\t<div class=\"elementor-column elementor-col-50 elementor-inner-column elementor-element elementor-element-0da0da9\" data-id=\"0da0da9\" data-element_type=\"column\" data-e-type=\"column\">\n\t\t\t<div class=\"elementor-widget-wrap elementor-element-populated\">\n\t\t\t\t\t\t<div class=\"elementor-element elementor-element-dcb8381 elementor-widget elementor-widget-heading\" data-id=\"dcb8381\" data-element_type=\"widget\" data-e-type=\"widget\" data-widget_type=\"heading.default\">\n\t\t\t\t<div class=\"elementor-widget-container\">\n\t\t\t\t\t<h3 class=\"elementor-heading-title elementor-size-default\">Tanita monitor<\/h3>\t\t\t\t<\/div>\n\t\t\t\t<\/div>\n\t\t\t\t<div class=\"elementor-element elementor-element-0f80bf2 elementor-widget elementor-widget-text-editor\" data-id=\"0f80bf2\" data-element_type=\"widget\" data-e-type=\"widget\" data-widget_type=\"text-editor.default\">\n\t\t\t\t<div class=\"elementor-widget-container\">\n\t\t\t\t\t\t\t\t\t<h4>M\u00f5\u00f5da t\u00e4pselt oma kehakoostist<br \/>Kehakoostise anal\u00fcsaator<\/h4><p>Tutvustame uut TANITA \u00fchendatud kahesageduslikku segmentaalset kehakoostise monitori.<\/p><p>J\u00e4lgi t\u00e4pselt lihaste ja rasva muutusi igas k\u00e4es ja jalas. Koos kogu keha n\u00e4itudega v\u00f5imaldab see monitor sul aja jooksul hinnata oma treeningprogrammi t\u00f5husust.<\/p>\t\t\t\t\t\t\t\t<\/div>\n\t\t\t\t<\/div>\n\t\t\t\t<div class=\"elementor-element elementor-element-fa4eb0f elementor-widget elementor-widget-button\" data-id=\"fa4eb0f\" data-element_type=\"widget\" data-e-type=\"widget\" data-widget_type=\"button.default\">\n\t\t\t\t<div class=\"elementor-widget-container\">\n\t\t\t\t\t\t\t\t\t<div class=\"elementor-button-wrapper\">\n\t\t\t\t\t<a class=\"elementor-button elementor-button-link elementor-size-sm\" href=\"https:\/\/d3k2.ee\/et\/diagnostika\/keha-funktsionaalsuse-keha-funktsionaalsuse-skaneerimine-tanita\/\">\n\t\t\t\t\t\t<span class=\"elementor-button-content-wrapper\">\n\t\t\t\t\t\t<span class=\"elementor-button-icon\">\n\t\t\t\t<svg xmlns=\"http:\/\/www.w3.org\/2000\/svg\" viewBox=\"0 0 2048 2048\"><path d=\"M6.125 1088h1797.89l-402.976 403 89.994 90L2048 1024l-556.966-557-89.994 90 402.976 403H6.125v128z\"><\/path><\/svg>\t\t\t<\/span>\n\t\t\t\t\t\t\t\t\t<span class=\"elementor-button-text\">Lisainfo<\/span>\n\t\t\t\t\t<\/span>\n\t\t\t\t\t<\/a>\n\t\t\t\t<\/div>\n\t\t\t\t\t\t\t\t<\/div>\n\t\t\t\t<\/div>\n\t\t\t\t\t<\/div>\n\t\t<\/div>\n\t\t\t\t\t<\/div>\n\t\t<\/section>\n\t\t\t\t<section class=\"elementor-section elementor-inner-section elementor-element elementor-element-0182482 elementor-section-content-middle elementor-reverse-mobile elementor-section-boxed elementor-section-height-default elementor-section-height-default\" data-id=\"0182482\" data-element_type=\"section\" data-e-type=\"section\">\n\t\t\t\t\t\t<div class=\"elementor-container elementor-column-gap-no\">\n\t\t\t\t\t<div class=\"elementor-column elementor-col-50 elementor-inner-column elementor-element elementor-element-8966190\" data-id=\"8966190\" data-element_type=\"column\" data-e-type=\"column\">\n\t\t\t<div class=\"elementor-widget-wrap elementor-element-populated\">\n\t\t\t\t\t\t<div class=\"elementor-element elementor-element-e08ddfe elementor-widget elementor-widget-heading\" data-id=\"e08ddfe\" data-element_type=\"widget\" data-e-type=\"widget\" data-widget_type=\"heading.default\">\n\t\t\t\t<div class=\"elementor-widget-container\">\n\t\t\t\t\t<h3 class=\"elementor-heading-title elementor-size-default\">Vitastiq PRO<\/h3>\t\t\t\t<\/div>\n\t\t\t\t<\/div>\n\t\t\t\t<div class=\"elementor-element elementor-element-0e177ec elementor-widget elementor-widget-text-editor\" data-id=\"0e177ec\" data-element_type=\"widget\" data-e-type=\"widget\" data-widget_type=\"text-editor.default\">\n\t\t\t\t<div class=\"elementor-widget-container\">\n\t\t\t\t\t\t\t\t\t<h4>See aitab teil j\u00e4lgida ja kontrollida oma elustiili ja treeningtegevusi.<\/h4>\t\t\t\t\t\t\t\t<\/div>\n\t\t\t\t<\/div>\n\t\t\t\t<div class=\"elementor-element elementor-element-c970bae elementor-widget elementor-widget-text-editor\" data-id=\"c970bae\" data-element_type=\"widget\" data-e-type=\"widget\" data-widget_type=\"text-editor.default\">\n\t\t\t\t<div class=\"elementor-widget-container\">\n\t\t\t\t\t\t\t\t\t<p>Vitastiq PRO on professionaalne elektrooniline seade, mis kasutab mitte-invasiivset \u00a0meetodit 30 vitamiini ja mineraalaine trendi j\u00e4lgimiseks ja anal\u00fc\u00fcsiks.<\/p>\t\t\t\t\t\t\t\t<\/div>\n\t\t\t\t<\/div>\n\t\t\t\t<div class=\"elementor-element elementor-element-0101cbd elementor-widget elementor-widget-button\" data-id=\"0101cbd\" data-element_type=\"widget\" data-e-type=\"widget\" data-widget_type=\"button.default\">\n\t\t\t\t<div class=\"elementor-widget-container\">\n\t\t\t\t\t\t\t\t\t<div class=\"elementor-button-wrapper\">\n\t\t\t\t\t<a class=\"elementor-button elementor-button-link elementor-size-sm\" href=\"https:\/\/d3k2.ee\/et\/diagnostika\/keha-koostise-analusaator\/\">\n\t\t\t\t\t\t<span class=\"elementor-button-content-wrapper\">\n\t\t\t\t\t\t<span class=\"elementor-button-icon\">\n\t\t\t\t<svg xmlns=\"http:\/\/www.w3.org\/2000\/svg\" viewBox=\"0 0 2048 2048\"><path d=\"M6.125 1088h1797.89l-402.976 403 89.994 90L2048 1024l-556.966-557-89.994 90 402.976 403H6.125v128z\"><\/path><\/svg>\t\t\t<\/span>\n\t\t\t\t\t\t\t\t\t<span class=\"elementor-button-text\">Lisainfo<\/span>\n\t\t\t\t\t<\/span>\n\t\t\t\t\t<\/a>\n\t\t\t\t<\/div>\n\t\t\t\t\t\t\t\t<\/div>\n\t\t\t\t<\/div>\n\t\t\t\t\t<\/div>\n\t\t<\/div>\n\t\t\t\t<div class=\"elementor-column elementor-col-50 elementor-inner-column elementor-element elementor-element-97776f7\" data-id=\"97776f7\" data-element_type=\"column\" data-e-type=\"column\">\n\t\t\t<div class=\"elementor-widget-wrap elementor-element-populated\">\n\t\t\t\t\t\t<div class=\"elementor-element elementor-element-9b645c1 elementor-widget elementor-widget-image\" data-id=\"9b645c1\" data-element_type=\"widget\" data-e-type=\"widget\" data-widget_type=\"image.default\">\n\t\t\t\t<div class=\"elementor-widget-container\">\n\t\t\t\t\t\t\t\t\t\t\t\t\t\t\t<img decoding=\"async\" width=\"800\" height=\"800\" src=\"https:\/\/d3k2.ee\/wp-content\/uploads\/2024\/07\/Vitastiq-pro.jpg\" class=\"attachment-full size-full wp-image-1733\" alt=\"\" srcset=\"https:\/\/d3k2.ee\/wp-content\/uploads\/2024\/07\/Vitastiq-pro.jpg 800w, https:\/\/d3k2.ee\/wp-content\/uploads\/2024\/07\/Vitastiq-pro-300x300.jpg 300w, https:\/\/d3k2.ee\/wp-content\/uploads\/2024\/07\/Vitastiq-pro-150x150.jpg 150w, https:\/\/d3k2.ee\/wp-content\/uploads\/2024\/07\/Vitastiq-pro-768x768.jpg 768w\" sizes=\"(max-width: 800px) 100vw, 800px\" \/>\t\t\t\t\t\t\t\t\t\t\t\t\t\t\t<\/div>\n\t\t\t\t<\/div>\n\t\t\t\t\t<\/div>\n\t\t<\/div>\n\t\t\t\t\t<\/div>\n\t\t<\/section>\n\t\t\t\t<section class=\"elementor-section elementor-inner-section elementor-element elementor-element-7a056a9 elementor-section-content-middle elementor-reverse-mobile elementor-section-boxed elementor-section-height-default elementor-section-height-default\" data-id=\"7a056a9\" data-element_type=\"section\" data-e-type=\"section\">\n\t\t\t\t\t\t<div class=\"elementor-container elementor-column-gap-no\">\n\t\t\t\t\t<div class=\"elementor-column elementor-col-50 elementor-inner-column elementor-element elementor-element-57e1aca\" data-id=\"57e1aca\" data-element_type=\"column\" data-e-type=\"column\">\n\t\t\t<div class=\"elementor-widget-wrap elementor-element-populated\">\n\t\t\t\t\t\t<div class=\"elementor-element elementor-element-32f5dd6 elementor-widget elementor-widget-image\" data-id=\"32f5dd6\" data-element_type=\"widget\" data-e-type=\"widget\" data-widget_type=\"image.default\">\n\t\t\t\t<div class=\"elementor-widget-container\">\n\t\t\t\t\t\t\t\t\t\t\t\t\t\t\t<img decoding=\"async\" width=\"2560\" height=\"2560\" src=\"https:\/\/d3k2.ee\/wp-content\/uploads\/2025\/07\/IMG_0903-scaled.jpg\" class=\"attachment-full size-full wp-image-2467\" alt=\"\" srcset=\"https:\/\/d3k2.ee\/wp-content\/uploads\/2025\/07\/IMG_0903-scaled.jpg 2560w, https:\/\/d3k2.ee\/wp-content\/uploads\/2025\/07\/IMG_0903-300x300.jpg 300w, https:\/\/d3k2.ee\/wp-content\/uploads\/2025\/07\/IMG_0903-1024x1024.jpg 1024w, https:\/\/d3k2.ee\/wp-content\/uploads\/2025\/07\/IMG_0903-150x150.jpg 150w, https:\/\/d3k2.ee\/wp-content\/uploads\/2025\/07\/IMG_0903-768x768.jpg 768w, https:\/\/d3k2.ee\/wp-content\/uploads\/2025\/07\/IMG_0903-1536x1536.jpg 1536w, https:\/\/d3k2.ee\/wp-content\/uploads\/2025\/07\/IMG_0903-2048x2048.jpg 2048w\" sizes=\"(max-width: 2560px) 100vw, 2560px\" \/>\t\t\t\t\t\t\t\t\t\t\t\t\t\t\t<\/div>\n\t\t\t\t<\/div>\n\t\t\t\t\t<\/div>\n\t\t<\/div>\n\t\t\t\t<div class=\"elementor-column elementor-col-50 elementor-inner-column elementor-element elementor-element-525e484\" data-id=\"525e484\" data-element_type=\"column\" data-e-type=\"column\">\n\t\t\t<div class=\"elementor-widget-wrap elementor-element-populated\">\n\t\t\t\t\t\t<div class=\"elementor-element elementor-element-8750dde elementor-widget elementor-widget-heading\" data-id=\"8750dde\" data-element_type=\"widget\" data-e-type=\"widget\" data-widget_type=\"heading.default\">\n\t\t\t\t<div class=\"elementor-widget-container\">\n\t\t\t\t\t<h3 class=\"elementor-heading-title elementor-size-default\">Bioresonantsdiagnostika ja -teraapia<\/h3>\t\t\t\t<\/div>\n\t\t\t\t<\/div>\n\t\t\t\t<div class=\"elementor-element elementor-element-38f9a8a elementor-widget elementor-widget-text-editor\" data-id=\"38f9a8a\" data-element_type=\"widget\" data-e-type=\"widget\" data-widget_type=\"text-editor.default\">\n\t\t\t\t<div class=\"elementor-widget-container\">\n\t\t\t\t\t\t\t\t\t<h4>Kaasaegne meditsiiniline innovatsioon, mis on loodud inimeste somaatiliste haiguste funktsionaalseks diagnoosimiseks.<\/h4>\t\t\t\t\t\t\t\t<\/div>\n\t\t\t\t<\/div>\n\t\t\t\t<div class=\"elementor-element elementor-element-e75bf85 elementor-widget elementor-widget-text-editor\" data-id=\"e75bf85\" data-element_type=\"widget\" data-e-type=\"widget\" data-widget_type=\"text-editor.default\">\n\t\t\t\t<div class=\"elementor-widget-container\">\n\t\t\t\t\t\t\t\t\t<p>Seade v\u00f5imaldab siseorganite ja kudede seisundi kiiret ja kontaktivaba hinnangut.&nbsp;<\/p>\n<p>S\u00fcsteem t\u00f6\u00f6tab biomagnetilise resonantsi ja spetsiifiliste sagedustega impulsside anal\u00fc\u00fcsi p\u00f5him\u00f5ttel. Diagnoos on mitteinvasiivne \u2014 patsiendi kehale kinnitatakse \u00fclitundlikud andurid, mis on v\u00f5imelised elektromagnetiliste signaalide ja v\u00f5nkumiste abil tuvastama k\u00f5rvalekaldeid organite normaalsest talitlusest.<\/p>\n<p>T\u00e4nu seadme k\u00f5rgele tundlikkusele on v\u00f5imalik patoloogiaid avastada k\u00f5ige varasemas arenguj\u00e4rgus, suurendades oluliselt edasise ravi ja ennetamise efektiivsust.<\/p>\t\t\t\t\t\t\t\t<\/div>\n\t\t\t\t<\/div>\n\t\t\t\t<div class=\"elementor-element elementor-element-57fdb9e elementor-widget elementor-widget-button\" data-id=\"57fdb9e\" data-element_type=\"widget\" data-e-type=\"widget\" data-widget_type=\"button.default\">\n\t\t\t\t<div class=\"elementor-widget-container\">\n\t\t\t\t\t\t\t\t\t<div class=\"elementor-button-wrapper\">\n\t\t\t\t\t<a class=\"elementor-button elementor-button-link elementor-size-sm\" href=\"https:\/\/d3k2.ee\/et\/diagnostika\/bioresonantsdiagnostika\/\">\n\t\t\t\t\t\t<span class=\"elementor-button-content-wrapper\">\n\t\t\t\t\t\t<span class=\"elementor-button-icon\">\n\t\t\t\t<svg xmlns=\"http:\/\/www.w3.org\/2000\/svg\" viewBox=\"0 0 2048 2048\"><path d=\"M6.125 1088h1797.89l-402.976 403 89.994 90L2048 1024l-556.966-557-89.994 90 402.976 403H6.125v128z\"><\/path><\/svg>\t\t\t<\/span>\n\t\t\t\t\t\t\t\t\t<span class=\"elementor-button-text\">Lisainfo<\/span>\n\t\t\t\t\t<\/span>\n\t\t\t\t\t<\/a>\n\t\t\t\t<\/div>\n\t\t\t\t\t\t\t\t<\/div>\n\t\t\t\t<\/div>\n\t\t\t\t\t<\/div>\n\t\t<\/div>\n\t\t\t\t\t<\/div>\n\t\t<\/section>\n\t\t\t\t\t<\/div>\n\t\t<\/div>\n\t\t\t\t\t<\/div>\n\t\t<\/section>\n\t\t\t\t<\/div>\n\t\t","protected":false},"excerpt":{"rendered":"<p>Meie teenused Diagnostika Keha seisundi diagnoosimine ja j\u00e4lgimine Tanita monitor M\u00f5\u00f5da t\u00e4pselt oma kehakoostistKehakoostise anal\u00fcsaator Tutvustame uut TANITA \u00fchendatud kahesageduslikku segmentaalset kehakoostise monitori. J\u00e4lgi t\u00e4pselt lihaste ja rasva muutusi igas k\u00e4es ja jalas. Koos kogu keha n\u00e4itudega v\u00f5imaldab see monitor sul aja jooksul hinnata oma treeningprogrammi t\u00f5husust. Lisainfo Vitastiq PRO See aitab teil j\u00e4lgida ja &hellip;<\/p>\n<p class=\"read-more\"> <a class=\"\" href=\"https:\/\/d3k2.ee\/et\/diagnostika\/\"> <span class=\"screen-reader-text\">Diagnostika<\/span> Read More &raquo;<\/a><\/p>\n","protected":false},"author":1,"featured_media":0,"parent":0,"menu_order":0,"comment_status":"closed","ping_status":"closed","template":"","meta":{"site-sidebar-layout":"no-sidebar","site-content-layout":"page-builder","ast-site-content-layout":"full-width-container","site-content-style":"unboxed","site-sidebar-style":"unboxed","ast-global-header-display":"","ast-banner-title-visibility":"","ast-main-header-display":"","ast-hfb-above-header-display":"","ast-hfb-below-header-display":"","ast-hfb-mobile-header-display":"","site-post-title":"disabled","ast-breadcrumbs-content":"disabled","ast-featured-img":"disabled","footer-sml-layout":"","theme-transparent-header-meta":"enabled","adv-header-id-meta":"","stick-header-meta":"","header-above-stick-meta":"","header-main-stick-meta":"","header-below-stick-meta":"","astra-migrate-meta-layouts":"set","footnotes":""},"class_list":["post-2532","page","type-page","status-publish","hentry"],"yoast_head":"<!-- This site is optimized with the Yoast SEO plugin v27.3 - https:\/\/yoast.com\/product\/yoast-seo-wordpress\/ -->\n<title>Diagnostika - D3K2 O&Uuml;<\/title>\n<meta name=\"robots\" content=\"index, follow, max-snippet:-1, max-image-preview:large, max-video-preview:-1\" \/>\n<link rel=\"canonical\" href=\"https:\/\/d3k2.ee\/et\/diagnostika\/\" \/>\n<meta property=\"og:locale\" content=\"et_EE\" \/>\n<meta property=\"og:type\" content=\"article\" \/>\n<meta property=\"og:title\" content=\"Diagnostika - D3K2 O&Uuml;\" \/>\n<meta property=\"og:description\" content=\"Meie teenused Diagnostika Keha seisundi diagnoosimine ja j\u00e4lgimine Tanita monitor M\u00f5\u00f5da t\u00e4pselt oma kehakoostistKehakoostise anal\u00fcsaator Tutvustame uut TANITA \u00fchendatud kahesageduslikku segmentaalset kehakoostise monitori. J\u00e4lgi t\u00e4pselt lihaste ja rasva muutusi igas k\u00e4es ja jalas. Koos kogu keha n\u00e4itudega v\u00f5imaldab see monitor sul aja jooksul hinnata oma treeningprogrammi t\u00f5husust. Lisainfo Vitastiq PRO See aitab teil j\u00e4lgida ja &hellip; Diagnostika Read More &raquo;\" \/>\n<meta property=\"og:url\" content=\"https:\/\/d3k2.ee\/et\/diagnostika\/\" \/>\n<meta property=\"og:site_name\" content=\"D3K2 O&Uuml;\" \/>\n<meta property=\"article:publisher\" content=\"https:\/\/www.facebook.com\/kabinetd3k2\" \/>\n<meta property=\"article:modified_time\" content=\"2025-07-22T15:09:27+00:00\" \/>\n<meta property=\"og:image\" content=\"https:\/\/d3k2.ee\/wp-content\/uploads\/2024\/07\/tanita-3-1024x997.jpg\" \/>\n<meta name=\"twitter:card\" content=\"summary_large_image\" \/>\n<meta name=\"twitter:label1\" content=\"Est. reading time\" \/>\n\t<meta name=\"twitter:data1\" content=\"3 minutit\" \/>\n<script type=\"application\/ld+json\" class=\"yoast-schema-graph\">{\"@context\":\"https:\\\/\\\/schema.org\",\"@graph\":[{\"@type\":\"WebPage\",\"@id\":\"https:\\\/\\\/d3k2.ee\\\/et\\\/diagnostika\\\/\",\"url\":\"https:\\\/\\\/d3k2.ee\\\/et\\\/diagnostika\\\/\",\"name\":\"Diagnostika - D3K2 O&Uuml;\",\"isPartOf\":{\"@id\":\"https:\\\/\\\/d3k2.ee\\\/et\\\/#website\"},\"primaryImageOfPage\":{\"@id\":\"https:\\\/\\\/d3k2.ee\\\/et\\\/diagnostika\\\/#primaryimage\"},\"image\":{\"@id\":\"https:\\\/\\\/d3k2.ee\\\/et\\\/diagnostika\\\/#primaryimage\"},\"thumbnailUrl\":\"https:\\\/\\\/d3k2.ee\\\/wp-content\\\/uploads\\\/2024\\\/07\\\/tanita-3-1024x997.jpg\",\"datePublished\":\"2024-07-29T14:15:08+00:00\",\"dateModified\":\"2025-07-22T15:09:27+00:00\",\"breadcrumb\":{\"@id\":\"https:\\\/\\\/d3k2.ee\\\/et\\\/diagnostika\\\/#breadcrumb\"},\"inLanguage\":\"et\",\"potentialAction\":[{\"@type\":\"ReadAction\",\"target\":[\"https:\\\/\\\/d3k2.ee\\\/et\\\/diagnostika\\\/\"]}]},{\"@type\":\"ImageObject\",\"inLanguage\":\"et\",\"@id\":\"https:\\\/\\\/d3k2.ee\\\/et\\\/diagnostika\\\/#primaryimage\",\"url\":\"https:\\\/\\\/d3k2.ee\\\/wp-content\\\/uploads\\\/2024\\\/07\\\/tanita-3-1024x997.jpg\",\"contentUrl\":\"https:\\\/\\\/d3k2.ee\\\/wp-content\\\/uploads\\\/2024\\\/07\\\/tanita-3-1024x997.jpg\"},{\"@type\":\"BreadcrumbList\",\"@id\":\"https:\\\/\\\/d3k2.ee\\\/et\\\/diagnostika\\\/#breadcrumb\",\"itemListElement\":[{\"@type\":\"ListItem\",\"position\":1,\"name\":\"Home\",\"item\":\"https:\\\/\\\/d3k2.ee\\\/et\\\/\"},{\"@type\":\"ListItem\",\"position\":2,\"name\":\"Diagnostika\"}]},{\"@type\":\"WebSite\",\"@id\":\"https:\\\/\\\/d3k2.ee\\\/et\\\/#website\",\"url\":\"https:\\\/\\\/d3k2.ee\\\/et\\\/\",\"name\":\"D3K2 O\u00dc\",\"description\":\"Eluliste n&auml;itajate kabinet\",\"publisher\":{\"@id\":\"https:\\\/\\\/d3k2.ee\\\/et\\\/#organization\"},\"potentialAction\":[{\"@type\":\"SearchAction\",\"target\":{\"@type\":\"EntryPoint\",\"urlTemplate\":\"https:\\\/\\\/d3k2.ee\\\/et\\\/?s={search_term_string}\"},\"query-input\":{\"@type\":\"PropertyValueSpecification\",\"valueRequired\":true,\"valueName\":\"search_term_string\"}}],\"inLanguage\":\"et\"},{\"@type\":\"Organization\",\"@id\":\"https:\\\/\\\/d3k2.ee\\\/et\\\/#organization\",\"name\":\"D3K2 O\u00dc\",\"url\":\"https:\\\/\\\/d3k2.ee\\\/et\\\/\",\"logo\":{\"@type\":\"ImageObject\",\"inLanguage\":\"et\",\"@id\":\"https:\\\/\\\/d3k2.ee\\\/et\\\/#\\\/schema\\\/logo\\\/image\\\/\",\"url\":\"https:\\\/\\\/d3k2.ee\\\/wp-content\\\/uploads\\\/2023\\\/10\\\/Logo-D3K2-2-1.png\",\"contentUrl\":\"https:\\\/\\\/d3k2.ee\\\/wp-content\\\/uploads\\\/2023\\\/10\\\/Logo-D3K2-2-1.png\",\"width\":300,\"height\":299,\"caption\":\"D3K2 O\u00dc\"},\"image\":{\"@id\":\"https:\\\/\\\/d3k2.ee\\\/et\\\/#\\\/schema\\\/logo\\\/image\\\/\"},\"sameAs\":[\"https:\\\/\\\/www.facebook.com\\\/kabinetd3k2\"]}]}<\/script>\n<!-- \/ Yoast SEO plugin. -->","yoast_head_json":{"title":"Diagnostika - D3K2 O&Uuml;","robots":{"index":"index","follow":"follow","max-snippet":"max-snippet:-1","max-image-preview":"max-image-preview:large","max-video-preview":"max-video-preview:-1"},"canonical":"https:\/\/d3k2.ee\/et\/diagnostika\/","og_locale":"et_EE","og_type":"article","og_title":"Diagnostika - D3K2 O&Uuml;","og_description":"Meie teenused Diagnostika Keha seisundi diagnoosimine ja j\u00e4lgimine Tanita monitor M\u00f5\u00f5da t\u00e4pselt oma kehakoostistKehakoostise anal\u00fcsaator Tutvustame uut TANITA \u00fchendatud kahesageduslikku segmentaalset kehakoostise monitori. J\u00e4lgi t\u00e4pselt lihaste ja rasva muutusi igas k\u00e4es ja jalas. Koos kogu keha n\u00e4itudega v\u00f5imaldab see monitor sul aja jooksul hinnata oma treeningprogrammi t\u00f5husust. Lisainfo Vitastiq PRO See aitab teil j\u00e4lgida ja &hellip; Diagnostika Read More &raquo;","og_url":"https:\/\/d3k2.ee\/et\/diagnostika\/","og_site_name":"D3K2 O&Uuml;","article_publisher":"https:\/\/www.facebook.com\/kabinetd3k2","article_modified_time":"2025-07-22T15:09:27+00:00","og_image":[{"url":"https:\/\/d3k2.ee\/wp-content\/uploads\/2024\/07\/tanita-3-1024x997.jpg","type":"","width":"","height":""}],"twitter_card":"summary_large_image","twitter_misc":{"Est. reading time":"3 minutit"},"schema":{"@context":"https:\/\/schema.org","@graph":[{"@type":"WebPage","@id":"https:\/\/d3k2.ee\/et\/diagnostika\/","url":"https:\/\/d3k2.ee\/et\/diagnostika\/","name":"Diagnostika - D3K2 O&Uuml;","isPartOf":{"@id":"https:\/\/d3k2.ee\/et\/#website"},"primaryImageOfPage":{"@id":"https:\/\/d3k2.ee\/et\/diagnostika\/#primaryimage"},"image":{"@id":"https:\/\/d3k2.ee\/et\/diagnostika\/#primaryimage"},"thumbnailUrl":"https:\/\/d3k2.ee\/wp-content\/uploads\/2024\/07\/tanita-3-1024x997.jpg","datePublished":"2024-07-29T14:15:08+00:00","dateModified":"2025-07-22T15:09:27+00:00","breadcrumb":{"@id":"https:\/\/d3k2.ee\/et\/diagnostika\/#breadcrumb"},"inLanguage":"et","potentialAction":[{"@type":"ReadAction","target":["https:\/\/d3k2.ee\/et\/diagnostika\/"]}]},{"@type":"ImageObject","inLanguage":"et","@id":"https:\/\/d3k2.ee\/et\/diagnostika\/#primaryimage","url":"https:\/\/d3k2.ee\/wp-content\/uploads\/2024\/07\/tanita-3-1024x997.jpg","contentUrl":"https:\/\/d3k2.ee\/wp-content\/uploads\/2024\/07\/tanita-3-1024x997.jpg"},{"@type":"BreadcrumbList","@id":"https:\/\/d3k2.ee\/et\/diagnostika\/#breadcrumb","itemListElement":[{"@type":"ListItem","position":1,"name":"Home","item":"https:\/\/d3k2.ee\/et\/"},{"@type":"ListItem","position":2,"name":"Diagnostika"}]},{"@type":"WebSite","@id":"https:\/\/d3k2.ee\/et\/#website","url":"https:\/\/d3k2.ee\/et\/","name":"D3K2 O\u00dc","description":"Eluliste n&auml;itajate kabinet","publisher":{"@id":"https:\/\/d3k2.ee\/et\/#organization"},"potentialAction":[{"@type":"SearchAction","target":{"@type":"EntryPoint","urlTemplate":"https:\/\/d3k2.ee\/et\/?s={search_term_string}"},"query-input":{"@type":"PropertyValueSpecification","valueRequired":true,"valueName":"search_term_string"}}],"inLanguage":"et"},{"@type":"Organization","@id":"https:\/\/d3k2.ee\/et\/#organization","name":"D3K2 O\u00dc","url":"https:\/\/d3k2.ee\/et\/","logo":{"@type":"ImageObject","inLanguage":"et","@id":"https:\/\/d3k2.ee\/et\/#\/schema\/logo\/image\/","url":"https:\/\/d3k2.ee\/wp-content\/uploads\/2023\/10\/Logo-D3K2-2-1.png","contentUrl":"https:\/\/d3k2.ee\/wp-content\/uploads\/2023\/10\/Logo-D3K2-2-1.png","width":300,"height":299,"caption":"D3K2 O\u00dc"},"image":{"@id":"https:\/\/d3k2.ee\/et\/#\/schema\/logo\/image\/"},"sameAs":["https:\/\/www.facebook.com\/kabinetd3k2"]}]}},"_links":{"self":[{"href":"https:\/\/d3k2.ee\/et\/wp-json\/wp\/v2\/pages\/2532","targetHints":{"allow":["GET"]}}],"collection":[{"href":"https:\/\/d3k2.ee\/et\/wp-json\/wp\/v2\/pages"}],"about":[{"href":"https:\/\/d3k2.ee\/et\/wp-json\/wp\/v2\/types\/page"}],"author":[{"embeddable":true,"href":"https:\/\/d3k2.ee\/et\/wp-json\/wp\/v2\/users\/1"}],"replies":[{"embeddable":true,"href":"https:\/\/d3k2.ee\/et\/wp-json\/wp\/v2\/comments?post=2532"}],"version-history":[{"count":25,"href":"https:\/\/d3k2.ee\/et\/wp-json\/wp\/v2\/pages\/2532\/revisions"}],"predecessor-version":[{"id":2624,"href":"https:\/\/d3k2.ee\/et\/wp-json\/wp\/v2\/pages\/2532\/revisions\/2624"}],"wp:attachment":[{"href":"https:\/\/d3k2.ee\/et\/wp-json\/wp\/v2\/media?parent=2532"}],"curies":[{"name":"wp","href":"https:\/\/api.w.org\/{rel}","templated":true}]}}